{"id":16,"date":"2016-12-23T19:38:43","date_gmt":"2016-12-23T19:38:43","guid":{"rendered":"http:\/\/fuglinszky.com\/?page_id=16"},"modified":"2019-11-01T11:28:27","modified_gmt":"2019-11-01T10:28:27","slug":"publikaciok","status":"publish","type":"page","link":"https:\/\/fuglinszky.com\/en\/publikaciok\/","title":{"rendered":"Publications"},"content":{"rendered":"<p><\/p>\n<h3><a href=\"http:\/\/fuglinszky.com\/en\/publikaciok\/konyvek\/\">Monographs<\/a><\/h3>\n<h3><a href=\"http:\/\/fuglinszky.com\/en\/publikaciok\/kommentarreszletek\/\">Commentaries<\/a><\/h3>\n<h3><a href=\"http:\/\/fuglinszky.com\/en\/publikaciok\/tanulmanyok-szerkesztett-muvekben\/\">Contributions to and Chapters in Edited Volumes<\/a><\/h3>\n<h3><a href=\"http:\/\/fuglinszky.com\/en\/publikaciok\/tanulmanyok\/\">Journal Articles<\/a><\/h3>\n<h3><a href=\"http:\/\/fuglinszky.com\/en\/publikaciok\/kepzesi-anyagok\/\">Teaching Materials<\/a><\/h3>\n<h3><a href=\"http:\/\/fuglinszky.com\/en\/publikaciok\/egyebek\/\">Others<\/a><\/h3>\n<p><\/p>","protected":false},"excerpt":{"rendered":"<p>Monographs Commentaries Contributions to and Chapters in Edited Volumes Journal Articles Teaching Materials Others<\/p>\n","protected":false},"author":1,"featured_media":0,"parent":0,"menu_order":0,"comment_status":"closed","ping_status":"closed","template":"","meta":{"footnotes":""},"class_list":["post-16","page","type-page","status-publish","hentry"],"yoast_head":"<!-- This site is optimized with the Yoast SEO plugin v26.8 - https:\/\/yoast.com\/product\/yoast-seo-wordpress\/ -->\n<title>Publications - fuglinszky.com<\/title>\n<meta name=\"robots\" content=\"index, follow, max-snippet:-1, max-image-preview:large, max-video-preview:-1\" \/>\n<link rel=\"canonical\" href=\"https:\/\/fuglinszky.com\/en\/publikaciok\/\" \/>\n<meta property=\"og:locale\" content=\"en_US\" \/>\n<meta property=\"og:type\" content=\"article\" \/>\n<meta property=\"og:title\" content=\"[:hu]Publik\u00e1ci\u00f3k[:en]Publications[:de]Ver\u00f6ffentlichungen[:] - fuglinszky.com\" \/>\n<meta property=\"og:description\" content=\"Monographs Commentaries Contributions to and Chapters in Edited Volumes Journal Articles Teaching Materials Others\" \/>\n<meta property=\"og:url\" content=\"https:\/\/fuglinszky.com\/en\/publikaciok\/\" \/>\n<meta property=\"og:site_name\" content=\"fuglinszky.com\" \/>\n<meta property=\"article:modified_time\" content=\"2019-11-01T10:28:27+00:00\" \/>\n<meta name=\"twitter:card\" content=\"summary_large_image\" \/>\n<script type=\"application\/ld+json\" class=\"yoast-schema-graph\">{\"@context\":\"https:\/\/schema.org\",\"@graph\":[{\"@type\":\"WebPage\",\"@id\":\"https:\/\/fuglinszky.com\/en\/publikaciok\/\",\"url\":\"https:\/\/fuglinszky.com\/en\/publikaciok\/\",\"name\":\"[:hu]Publik\u00e1ci\u00f3k[:en]Publications[:de]Ver\u00f6ffentlichungen[:] - fuglinszky.com\",\"isPartOf\":{\"@id\":\"https:\/\/fuglinszky.com\/#website\"},\"datePublished\":\"2016-12-23T19:38:43+00:00\",\"dateModified\":\"2019-11-01T10:28:27+00:00\",\"breadcrumb\":{\"@id\":\"https:\/\/fuglinszky.com\/en\/publikaciok\/#breadcrumb\"},\"inLanguage\":\"en-US\",\"potentialAction\":[{\"@type\":\"ReadAction\",\"target\":[\"https:\/\/fuglinszky.com\/en\/publikaciok\/\"]}]},{\"@type\":\"BreadcrumbList\",\"@id\":\"https:\/\/fuglinszky.com\/en\/publikaciok\/#breadcrumb\",\"itemListElement\":[{\"@type\":\"ListItem\",\"position\":1,\"name\":\"Home\",\"item\":\"https:\/\/fuglinszky.com\/\"},{\"@type\":\"ListItem\",\"position\":2,\"name\":\"Publications\"}]},{\"@type\":\"WebSite\",\"@id\":\"https:\/\/fuglinszky.com\/#website\",\"url\":\"https:\/\/fuglinszky.com\/\",\"name\":\"fuglinszky.com\",\"description\":\"\",\"publisher\":{\"@id\":\"https:\/\/fuglinszky.com\/#\/schema\/person\/6e7d03d070e6249b7b5e86f6ba7e2e1c\"},\"potentialAction\":[{\"@type\":\"SearchAction\",\"target\":{\"@type\":\"EntryPoint\",\"urlTemplate\":\"https:\/\/fuglinszky.com\/?s={search_term_string}\"},\"query-input\":{\"@type\":\"PropertyValueSpecification\",\"valueRequired\":true,\"valueName\":\"search_term_string\"}}],\"inLanguage\":\"en-US\"},{\"@type\":[\"Person\",\"Organization\"],\"@id\":\"https:\/\/fuglinszky.com\/#\/schema\/person\/6e7d03d070e6249b7b5e86f6ba7e2e1c\",\"name\":\"fuglinszky\",\"image\":{\"@type\":\"ImageObject\",\"inLanguage\":\"en-US\",\"@id\":\"https:\/\/fuglinszky.com\/#\/schema\/person\/image\/\",\"url\":\"https:\/\/secure.gravatar.com\/avatar\/93e75cc1c5dcdf3f74ca2616e61579d1?s=96&d=mm&r=g\",\"contentUrl\":\"https:\/\/secure.gravatar.com\/avatar\/93e75cc1c5dcdf3f74ca2616e61579d1?s=96&d=mm&r=g\",\"caption\":\"fuglinszky\"},\"logo\":{\"@id\":\"https:\/\/fuglinszky.com\/#\/schema\/person\/image\/\"}}]}<\/script>\n<!-- \/ Yoast SEO plugin. -->","yoast_head_json":{"title":"[:hu]Publik\u00e1ci\u00f3k[:en]Publications[:de]Ver\u00f6ffentlichungen[:] - fuglinszky.com","robots":{"index":"index","follow":"follow","max-snippet":"max-snippet:-1","max-image-preview":"max-image-preview:large","max-video-preview":"max-video-preview:-1"},"canonical":"https:\/\/fuglinszky.com\/en\/publikaciok\/","og_locale":"en_US","og_type":"article","og_title":"[:hu]Publik\u00e1ci\u00f3k[:en]Publications[:de]Ver\u00f6ffentlichungen[:] - fuglinszky.com","og_description":"Monographs Commentaries Contributions to and Chapters in Edited Volumes Journal Articles Teaching Materials Others","og_url":"https:\/\/fuglinszky.com\/en\/publikaciok\/","og_site_name":"fuglinszky.com","article_modified_time":"2019-11-01T10:28:27+00:00","twitter_card":"summary_large_image","schema":{"@context":"https:\/\/schema.org","@graph":[{"@type":"WebPage","@id":"https:\/\/fuglinszky.com\/en\/publikaciok\/","url":"https:\/\/fuglinszky.com\/en\/publikaciok\/","name":"[:hu]Publik\u00e1ci\u00f3k[:en]Publications[:de]Ver\u00f6ffentlichungen[:] - fuglinszky.com","isPartOf":{"@id":"https:\/\/fuglinszky.com\/#website"},"datePublished":"2016-12-23T19:38:43+00:00","dateModified":"2019-11-01T10:28:27+00:00","breadcrumb":{"@id":"https:\/\/fuglinszky.com\/en\/publikaciok\/#breadcrumb"},"inLanguage":"en-US","potentialAction":[{"@type":"ReadAction","target":["https:\/\/fuglinszky.com\/en\/publikaciok\/"]}]},{"@type":"BreadcrumbList","@id":"https:\/\/fuglinszky.com\/en\/publikaciok\/#breadcrumb","itemListElement":[{"@type":"ListItem","position":1,"name":"Home","item":"https:\/\/fuglinszky.com\/"},{"@type":"ListItem","position":2,"name":"Publications"}]},{"@type":"WebSite","@id":"https:\/\/fuglinszky.com\/#website","url":"https:\/\/fuglinszky.com\/","name":"fuglinszky.com","description":"","publisher":{"@id":"https:\/\/fuglinszky.com\/#\/schema\/person\/6e7d03d070e6249b7b5e86f6ba7e2e1c"},"potentialAction":[{"@type":"SearchAction","target":{"@type":"EntryPoint","urlTemplate":"https:\/\/fuglinszky.com\/?s={search_term_string}"},"query-input":{"@type":"PropertyValueSpecification","valueRequired":true,"valueName":"search_term_string"}}],"inLanguage":"en-US"},{"@type":["Person","Organization"],"@id":"https:\/\/fuglinszky.com\/#\/schema\/person\/6e7d03d070e6249b7b5e86f6ba7e2e1c","name":"fuglinszky","image":{"@type":"ImageObject","inLanguage":"en-US","@id":"https:\/\/fuglinszky.com\/#\/schema\/person\/image\/","url":"https:\/\/secure.gravatar.com\/avatar\/93e75cc1c5dcdf3f74ca2616e61579d1?s=96&d=mm&r=g","contentUrl":"https:\/\/secure.gravatar.com\/avatar\/93e75cc1c5dcdf3f74ca2616e61579d1?s=96&d=mm&r=g","caption":"fuglinszky"},"logo":{"@id":"https:\/\/fuglinszky.com\/#\/schema\/person\/image\/"}}]}},"_links":{"self":[{"href":"https:\/\/fuglinszky.com\/en\/wp-json\/wp\/v2\/pages\/16","targetHints":{"allow":["GET"]}}],"collection":[{"href":"https:\/\/fuglinszky.com\/en\/wp-json\/wp\/v2\/pages"}],"about":[{"href":"https:\/\/fuglinszky.com\/en\/wp-json\/wp\/v2\/types\/page"}],"author":[{"embeddable":true,"href":"https:\/\/fuglinszky.com\/en\/wp-json\/wp\/v2\/users\/1"}],"replies":[{"embeddable":true,"href":"https:\/\/fuglinszky.com\/en\/wp-json\/wp\/v2\/comments?post=16"}],"version-history":[{"count":8,"href":"https:\/\/fuglinszky.com\/en\/wp-json\/wp\/v2\/pages\/16\/revisions"}],"predecessor-version":[{"id":747,"href":"https:\/\/fuglinszky.com\/en\/wp-json\/wp\/v2\/pages\/16\/revisions\/747"}],"wp:attachment":[{"href":"https:\/\/fuglinszky.com\/en\/wp-json\/wp\/v2\/media?parent=16"}],"curies":[{"name":"wp","href":"https:\/\/api.w.org\/{rel}","templated":true}]}}