{"id":17,"date":"2016-12-23T19:38:43","date_gmt":"2016-12-23T19:38:43","guid":{"rendered":"http:\/\/fuglinszky.com\/?page_id=17"},"modified":"2017-02-12T13:21:11","modified_gmt":"2017-02-12T13:21:11","slug":"eloadasok-es-konferenciak","status":"publish","type":"page","link":"https:\/\/fuglinszky.com\/en\/eloadasok-es-konferenciak\/","title":{"rendered":"Teaching, training"},"content":{"rendered":"<p><\/p>\n<h3><a href=\"http:\/\/fuglinszky.com\/eloadasok-es-konferenciak\/egyetemi-targyak\/\">University<\/a><\/h3>\n<h3><a href=\"http:\/\/fuglinszky.com\/eloadasok-es-konferenciak\/kulfoldi-vendegtanitas\/\">Guest lectureships abroad<\/a><\/h3>\n<h3><a href=\"http:\/\/fuglinszky.com\/eloadasok-es-konferenciak\/szakmai-tovabbkepzes-gyakorlo-jogaszoknak\/\">Further training for legal practitioners<\/a><\/h3>\n<h3><a href=\"http:\/\/fuglinszky.com\/eloadasok-es-konferenciak\/tudomanyos-konferenciak\/\">Conferences<\/a><\/h3>\n<p>&nbsp;<\/p>\n<p>&nbsp;<\/p>\n<p>&nbsp;<\/p>","protected":false},"excerpt":{"rendered":"<p>University Guest lectureships abroad Further training for legal practitioners Conferences &nbsp; &nbsp; &nbsp;<\/p>\n","protected":false},"author":1,"featured_media":0,"parent":0,"menu_order":0,"comment_status":"closed","ping_status":"closed","template":"","meta":{"footnotes":""},"class_list":["post-17","page","type-page","status-publish","hentry"],"yoast_head":"<!-- This site is optimized with the Yoast SEO plugin v26.8 - https:\/\/yoast.com\/product\/yoast-seo-wordpress\/ -->\n<title>Teaching, training - fuglinszky.com<\/title>\n<meta name=\"robots\" content=\"index, follow, max-snippet:-1, max-image-preview:large, max-video-preview:-1\" \/>\n<link rel=\"canonical\" href=\"https:\/\/fuglinszky.com\/en\/eloadasok-es-konferenciak\/\" \/>\n<meta property=\"og:locale\" content=\"en_US\" \/>\n<meta property=\"og:type\" content=\"article\" \/>\n<meta property=\"og:title\" content=\"[:hu]El\u0151ad\u00e1sok, k\u00e9pz\u00e9s[:en]Teaching, training[:de]Lehre[:] - fuglinszky.com\" \/>\n<meta property=\"og:description\" content=\"University Guest lectureships abroad Further training for legal practitioners Conferences &nbsp; &nbsp; &nbsp;\" \/>\n<meta property=\"og:url\" content=\"https:\/\/fuglinszky.com\/en\/eloadasok-es-konferenciak\/\" \/>\n<meta property=\"og:site_name\" content=\"fuglinszky.com\" \/>\n<meta property=\"article:modified_time\" content=\"2017-02-12T13:21:11+00:00\" \/>\n<meta name=\"twitter:card\" content=\"summary_large_image\" \/>\n<script type=\"application\/ld+json\" class=\"yoast-schema-graph\">{\"@context\":\"https:\/\/schema.org\",\"@graph\":[{\"@type\":\"WebPage\",\"@id\":\"https:\/\/fuglinszky.com\/en\/eloadasok-es-konferenciak\/\",\"url\":\"https:\/\/fuglinszky.com\/en\/eloadasok-es-konferenciak\/\",\"name\":\"[:hu]El\u0151ad\u00e1sok, k\u00e9pz\u00e9s[:en]Teaching, training[:de]Lehre[:] - fuglinszky.com\",\"isPartOf\":{\"@id\":\"https:\/\/fuglinszky.com\/#website\"},\"datePublished\":\"2016-12-23T19:38:43+00:00\",\"dateModified\":\"2017-02-12T13:21:11+00:00\",\"breadcrumb\":{\"@id\":\"https:\/\/fuglinszky.com\/en\/eloadasok-es-konferenciak\/#breadcrumb\"},\"inLanguage\":\"en-US\",\"potentialAction\":[{\"@type\":\"ReadAction\",\"target\":[\"https:\/\/fuglinszky.com\/en\/eloadasok-es-konferenciak\/\"]}]},{\"@type\":\"BreadcrumbList\",\"@id\":\"https:\/\/fuglinszky.com\/en\/eloadasok-es-konferenciak\/#breadcrumb\",\"itemListElement\":[{\"@type\":\"ListItem\",\"position\":1,\"name\":\"Home\",\"item\":\"https:\/\/fuglinszky.com\/\"},{\"@type\":\"ListItem\",\"position\":2,\"name\":\"Teaching, training\"}]},{\"@type\":\"WebSite\",\"@id\":\"https:\/\/fuglinszky.com\/#website\",\"url\":\"https:\/\/fuglinszky.com\/\",\"name\":\"fuglinszky.com\",\"description\":\"\",\"publisher\":{\"@id\":\"https:\/\/fuglinszky.com\/#\/schema\/person\/6e7d03d070e6249b7b5e86f6ba7e2e1c\"},\"potentialAction\":[{\"@type\":\"SearchAction\",\"target\":{\"@type\":\"EntryPoint\",\"urlTemplate\":\"https:\/\/fuglinszky.com\/?s={search_term_string}\"},\"query-input\":{\"@type\":\"PropertyValueSpecification\",\"valueRequired\":true,\"valueName\":\"search_term_string\"}}],\"inLanguage\":\"en-US\"},{\"@type\":[\"Person\",\"Organization\"],\"@id\":\"https:\/\/fuglinszky.com\/#\/schema\/person\/6e7d03d070e6249b7b5e86f6ba7e2e1c\",\"name\":\"fuglinszky\",\"image\":{\"@type\":\"ImageObject\",\"inLanguage\":\"en-US\",\"@id\":\"https:\/\/fuglinszky.com\/#\/schema\/person\/image\/\",\"url\":\"https:\/\/secure.gravatar.com\/avatar\/93e75cc1c5dcdf3f74ca2616e61579d1?s=96&d=mm&r=g\",\"contentUrl\":\"https:\/\/secure.gravatar.com\/avatar\/93e75cc1c5dcdf3f74ca2616e61579d1?s=96&d=mm&r=g\",\"caption\":\"fuglinszky\"},\"logo\":{\"@id\":\"https:\/\/fuglinszky.com\/#\/schema\/person\/image\/\"}}]}<\/script>\n<!-- \/ Yoast SEO plugin. -->","yoast_head_json":{"title":"[:hu]El\u0151ad\u00e1sok, k\u00e9pz\u00e9s[:en]Teaching, training[:de]Lehre[:] - fuglinszky.com","robots":{"index":"index","follow":"follow","max-snippet":"max-snippet:-1","max-image-preview":"max-image-preview:large","max-video-preview":"max-video-preview:-1"},"canonical":"https:\/\/fuglinszky.com\/en\/eloadasok-es-konferenciak\/","og_locale":"en_US","og_type":"article","og_title":"[:hu]El\u0151ad\u00e1sok, k\u00e9pz\u00e9s[:en]Teaching, training[:de]Lehre[:] - fuglinszky.com","og_description":"University Guest lectureships abroad Further training for legal practitioners Conferences &nbsp; &nbsp; &nbsp;","og_url":"https:\/\/fuglinszky.com\/en\/eloadasok-es-konferenciak\/","og_site_name":"fuglinszky.com","article_modified_time":"2017-02-12T13:21:11+00:00","twitter_card":"summary_large_image","schema":{"@context":"https:\/\/schema.org","@graph":[{"@type":"WebPage","@id":"https:\/\/fuglinszky.com\/en\/eloadasok-es-konferenciak\/","url":"https:\/\/fuglinszky.com\/en\/eloadasok-es-konferenciak\/","name":"[:hu]El\u0151ad\u00e1sok, k\u00e9pz\u00e9s[:en]Teaching, training[:de]Lehre[:] - fuglinszky.com","isPartOf":{"@id":"https:\/\/fuglinszky.com\/#website"},"datePublished":"2016-12-23T19:38:43+00:00","dateModified":"2017-02-12T13:21:11+00:00","breadcrumb":{"@id":"https:\/\/fuglinszky.com\/en\/eloadasok-es-konferenciak\/#breadcrumb"},"inLanguage":"en-US","potentialAction":[{"@type":"ReadAction","target":["https:\/\/fuglinszky.com\/en\/eloadasok-es-konferenciak\/"]}]},{"@type":"BreadcrumbList","@id":"https:\/\/fuglinszky.com\/en\/eloadasok-es-konferenciak\/#breadcrumb","itemListElement":[{"@type":"ListItem","position":1,"name":"Home","item":"https:\/\/fuglinszky.com\/"},{"@type":"ListItem","position":2,"name":"Teaching, training"}]},{"@type":"WebSite","@id":"https:\/\/fuglinszky.com\/#website","url":"https:\/\/fuglinszky.com\/","name":"fuglinszky.com","description":"","publisher":{"@id":"https:\/\/fuglinszky.com\/#\/schema\/person\/6e7d03d070e6249b7b5e86f6ba7e2e1c"},"potentialAction":[{"@type":"SearchAction","target":{"@type":"EntryPoint","urlTemplate":"https:\/\/fuglinszky.com\/?s={search_term_string}"},"query-input":{"@type":"PropertyValueSpecification","valueRequired":true,"valueName":"search_term_string"}}],"inLanguage":"en-US"},{"@type":["Person","Organization"],"@id":"https:\/\/fuglinszky.com\/#\/schema\/person\/6e7d03d070e6249b7b5e86f6ba7e2e1c","name":"fuglinszky","image":{"@type":"ImageObject","inLanguage":"en-US","@id":"https:\/\/fuglinszky.com\/#\/schema\/person\/image\/","url":"https:\/\/secure.gravatar.com\/avatar\/93e75cc1c5dcdf3f74ca2616e61579d1?s=96&d=mm&r=g","contentUrl":"https:\/\/secure.gravatar.com\/avatar\/93e75cc1c5dcdf3f74ca2616e61579d1?s=96&d=mm&r=g","caption":"fuglinszky"},"logo":{"@id":"https:\/\/fuglinszky.com\/#\/schema\/person\/image\/"}}]}},"_links":{"self":[{"href":"https:\/\/fuglinszky.com\/en\/wp-json\/wp\/v2\/pages\/17","targetHints":{"allow":["GET"]}}],"collection":[{"href":"https:\/\/fuglinszky.com\/en\/wp-json\/wp\/v2\/pages"}],"about":[{"href":"https:\/\/fuglinszky.com\/en\/wp-json\/wp\/v2\/types\/page"}],"author":[{"embeddable":true,"href":"https:\/\/fuglinszky.com\/en\/wp-json\/wp\/v2\/users\/1"}],"replies":[{"embeddable":true,"href":"https:\/\/fuglinszky.com\/en\/wp-json\/wp\/v2\/comments?post=17"}],"version-history":[{"count":5,"href":"https:\/\/fuglinszky.com\/en\/wp-json\/wp\/v2\/pages\/17\/revisions"}],"predecessor-version":[{"id":453,"href":"https:\/\/fuglinszky.com\/en\/wp-json\/wp\/v2\/pages\/17\/revisions\/453"}],"wp:attachment":[{"href":"https:\/\/fuglinszky.com\/en\/wp-json\/wp\/v2\/media?parent=17"}],"curies":[{"name":"wp","href":"https:\/\/api.w.org\/{rel}","templated":true}]}}