{"id":18,"date":"2016-12-23T19:38:43","date_gmt":"2016-12-23T19:38:43","guid":{"rendered":"http:\/\/fuglinszky.com\/?page_id=18"},"modified":"2024-08-01T07:52:25","modified_gmt":"2024-08-01T05:52:25","slug":"dijak-es-elismeresek","status":"publish","type":"page","link":"https:\/\/fuglinszky.com\/en\/dijak-es-elismeresek\/","title":{"rendered":"Honours, awards"},"content":{"rendered":"<p><\/p>\n<h1><strong>As a student\u00a0(1995-2000)<\/strong><\/h1>\n<table width=\"407\">\n<tbody>\n<tr>\n<td width=\"81\">\n<h5>1999<\/h5>\n<\/td>\n<td width=\"326\">\n<h5>OTDK (Law Students' National Competition)<br \/>\nCivil Law Section, Special Prize -\u00a0<a href=\"http:\/\/fuglinszky.com\/wp-content\/uploads\/2017\/01\/OTDKk\u00fcl\u00f6nd\u00edj.pdf\" target=\"_blank\" rel=\"noopener noreferrer\">Certificate<\/a><br \/>\n(Some questions of representation)<\/h5>\n<\/td>\n<\/tr>\n<tr>\n<td width=\"81\">\n<h5>1997 - 2000<\/h5>\n<\/td>\n<td width=\"326\">\n<h5>Scholarship of the Republic of Hungary (for excellent grades)<br \/>\n-\u00a0<a href=\"http:\/\/fuglinszky.com\/wp-content\/uploads\/2017\/01\/K\u00d6D.pdf\" target=\"_blank\" rel=\"noopener noreferrer\">Certificates<\/a><\/h5>\n<\/td>\n<\/tr>\n<tr>\n<td width=\"81\">\n<h5>2000<\/h5>\n<\/td>\n<td width=\"326\">\n<h5>Pro Juventute Facultatis Prize\u00a0(<a href=\"http:\/\/fuglinszky.com\/wp-content\/uploads\/2017\/01\/PROJUVEFAC.pdf\" target=\"_blank\" rel=\"noopener noreferrer\">Certificate<\/a>) and\u00a0Hajn\u00f3czy Prize (<a href=\"http:\/\/fuglinszky.com\/wp-content\/uploads\/2017\/01\/Hajn\u00f3czy.pdf\" target=\"_blank\" rel=\"noopener noreferrer\">Certificate<\/a>) for academic and social activities during graduate studies<\/h5>\n<\/td>\n<\/tr>\n<tr>\n<td width=\"81\">\n<h5>2001<\/h5>\n<\/td>\n<td width=\"326\">\n<h5>OTDK (Law Students' National Competition),<br \/>\nCivil Law Section, 2nd prize<br \/>\n(Franchise contracts)<\/h5>\n<\/td>\n<\/tr>\n<\/tbody>\n<\/table>\n<h1><strong>As an academic \/ professor\u00a0(2002 - )<\/strong><\/h1>\n<table width=\"407\">\n<tbody>\n<tr>\n<td width=\"81\">\n<h5><strong>2004 - 2006<\/strong><\/h5>\n<\/td>\n<td width=\"326\">\n<h5><strong>Scholarship of the Konrad Adenauer Foundation (for writing the PhD theses in Hamburg, Germany) -\u00a0<a href=\"http:\/\/fuglinszky.com\/wp-content\/uploads\/2017\/01\/KAS.pdf\">Certificate<\/a><\/strong><\/h5>\n<\/td>\n<\/tr>\n<tr>\n<td width=\"81\">\n<h5><strong>2008<\/strong><\/h5>\n<\/td>\n<td width=\"326\">\n<h5><strong>FRP \u2013 Award (Faculty Research Program),<br \/>\nInternational Council for Canadian Studies (ICCS)<br \/>\n(Short term research at McGill, Montr\u00e9al)<\/strong><\/h5>\n<\/td>\n<\/tr>\n<tr>\n<td width=\"81\">\n<h5><strong>2011<\/strong><\/h5>\n<\/td>\n<td width=\"326\">\n<h5><strong>ELTE E\u00f6tv\u00f6s Silver Medal\u00a0-\u00a0<a href=\"http:\/\/fuglinszky.com\/wp-content\/uploads\/2017\/01\/Ez%C3%BCst-E%C3%B6tv%C3%B6s.pdf\">Certificate<\/a><br \/>\nfor research and science-organizational activities<\/strong><\/h5>\n<\/td>\n<\/tr>\n<tr>\n<td width=\"81\">\n<h5><strong>2012<\/strong><\/h5>\n<\/td>\n<td width=\"326\">\n<h5><strong>Pierre Savard Award -\u00a0<a href=\"http:\/\/fuglinszky.com\/wp-content\/uploads\/2017\/01\/PierreSavard.pdf\">Certificate<\/a><br \/>\nInternational Council for Canadian Studies (ICCS)<br \/>\n(for the book on Civil Liability in Mixed Legal Systems)<br \/>\n<a href=\"http:\/\/fuglinszky.com\/wp-content\/uploads\/2017\/01\/%C3%81d%C3%A1m_besz%C3%A9d_Ottawa-_final.pdf\">(Acceptance speech at the ICCS congress in Ottawa)<\/a><\/strong><\/h5>\n<\/td>\n<\/tr>\n<tr>\n<td width=\"81\">\n<h5><strong>2015<\/strong><\/h5>\n<\/td>\n<td width=\"326\">\n<h5><strong>Promising Young Scholar of ELTE University (below 40) -\u00a0<a href=\"http:\/\/fuglinszky.com\/wp-content\/uploads\/2017\/01\/%C3%8DYg%C3%A9retes.pdf\">Certificate<\/a>\u00a0-\u00a0<a href=\"http:\/\/fuglinszky.com\/wp-content\/uploads\/2017\/01\/Fuglinszky_poszter_ELTE_IK2015.compressed.pdf\">Poster\u00a0for the award presentation ceremony\u00a0<\/a><\/strong><\/h5>\n<\/td>\n<\/tr>\n<tr>\n<td width=\"81\">\n<h5><strong>2016<\/strong><\/h5>\n<\/td>\n<td width=\"326\">\n<h5><strong>The Rector's Excellence Award -\u00a0<a href=\"http:\/\/fuglinszky.com\/wp-content\/uploads\/2017\/01\/%C3%81d%C3%A1m_rektori_kiv_2016.pdf\">Certificate<\/a><\/strong><\/h5>\n<\/td>\n<\/tr>\n<tr>\n<td width=\"81\">\n<h5><strong>2016, 2017<\/strong><\/h5>\n<\/td>\n<td width=\"326\">\n<h5><strong>The Best Speaker's and the Best Practice Group Leader's Award in the 3rd Year - awarded by the Students' Union at ELTE Law School (based on a general survey) \u00a0<a href=\"http:\/\/fuglinszky.com\/wp-content\/uploads\/2017\/01\/%C3%81d%C3%A1m_legjobb_E_SZV_2016.pdf\">Certificate<\/a><\/strong><\/h5>\n<\/td>\n<\/tr>\n<tr>\n<td width=\"81\">\n<h5><strong>2019<\/strong><\/h5>\n<\/td>\n<td width=\"326\">\n<h5><strong>Excellence Award founded by QP Ltd. and by the Hungarian Academy of Sciences (together with Bal\u00e1zs T\u0151key) - <a href=\"https:\/\/fuglinszky.com\/wp-content\/uploads\/2024\/08\/QP_2019_pdf.pdf\">The deed<\/a><\/strong><\/h5>\n<\/td>\n<\/tr>\n<tr>\n<td width=\"81\">\n<h5><strong>2020<\/strong><\/h5>\n<\/td>\n<td width=\"326\">\n<h5><strong>The Best Professor\u2019s Award in the 2nd Year (online teaching) - awarded by the Students' Union at ELTE Law School<\/strong><\/h5>\n<\/td>\n<\/tr>\n<tr>\n<td width=\"81\">\n<h5><strong>2021<\/strong><\/h5>\n<\/td>\n<td width=\"326\">\n<h5><strong>Pro Notariis Hungariae \u2013 For The Hungarian Notaries<br \/>\n<a href=\"https:\/\/fuglinszky.com\/wp-content\/uploads\/2021\/10\/Pro-Notariis-Hungariae-Fuglinszky.pdf\" target=\"_blank\" rel=\"noopener\">Prize<\/a> awarded by the Hungarian Chamber of Civil Law Notaries<\/strong><\/h5>\n<\/td>\n<\/tr>\n<\/tbody>\n<\/table>\n<p><\/p>","protected":false},"excerpt":{"rendered":"<p>As a student\u00a0(1995-2000) 1999 OTDK (Law Students' National Competition) Civil Law Section, Special Prize -\u00a0Certificate (Some questions of representation) 1997 - 2000 Scholarship of the Republic of Hungary (for excellent grades) -\u00a0Certificates 2000 Pro Juventute Facultatis Prize\u00a0(Certificate) and\u00a0Hajn\u00f3czy Prize (Certificate) for academic and social activities during graduate studies 2001 OTDK (Law Students' National Competition), Civil <a class=\"read-more\" href=\"https:\/\/fuglinszky.com\/en\/dijak-es-elismeresek\/\">...continue reading <span class=\"meta-nav\">&rarr;<\/span><\/a><\/p>\n","protected":false},"author":1,"featured_media":0,"parent":0,"menu_order":0,"comment_status":"closed","ping_status":"closed","template":"","meta":{"footnotes":""},"class_list":["post-18","page","type-page","status-publish","hentry"],"yoast_head":"<!-- This site is optimized with the Yoast SEO plugin v26.8 - https:\/\/yoast.com\/product\/yoast-seo-wordpress\/ -->\n<title>Honours, awards - fuglinszky.com<\/title>\n<meta name=\"robots\" content=\"index, follow, max-snippet:-1, max-image-preview:large, max-video-preview:-1\" \/>\n<link rel=\"canonical\" href=\"https:\/\/fuglinszky.com\/dijak-es-elismeresek\/\" \/>\n<meta property=\"og:locale\" content=\"en_US\" \/>\n<meta property=\"og:type\" content=\"article\" \/>\n<meta property=\"og:title\" content=\"[:hu]D\u00edjak, elismer\u00e9sek[:en]Honours, awards[:de]Auszeichnungen, F\u00f6rderungen[:] - fuglinszky.com\" \/>\n<meta property=\"og:description\" content=\"As a student\u00a0(1995-2000) 1999 OTDK (Law Students&#039; National Competition) Civil Law Section, Special Prize -\u00a0Certificate (Some questions of representation) 1997 - 2000 Scholarship of the Republic of Hungary (for excellent grades) -\u00a0Certificates 2000 Pro Juventute Facultatis Prize\u00a0(Certificate) and\u00a0Hajn\u00f3czy Prize (Certificate) for academic and social activities during graduate studies 2001 OTDK (Law Students&#039; National Competition), Civil ...continue reading &rarr;\" \/>\n<meta property=\"og:url\" content=\"https:\/\/fuglinszky.com\/dijak-es-elismeresek\/\" \/>\n<meta property=\"og:site_name\" content=\"fuglinszky.com\" \/>\n<meta property=\"article:modified_time\" content=\"2024-08-01T05:52:25+00:00\" \/>\n<meta name=\"twitter:card\" content=\"summary_large_image\" \/>\n<meta name=\"twitter:label1\" content=\"Est. reading time\" \/>\n\t<meta name=\"twitter:data1\" content=\"2 minutes\" \/>\n<script type=\"application\/ld+json\" class=\"yoast-schema-graph\">{\"@context\":\"https:\/\/schema.org\",\"@graph\":[{\"@type\":\"WebPage\",\"@id\":\"https:\/\/fuglinszky.com\/dijak-es-elismeresek\/\",\"url\":\"https:\/\/fuglinszky.com\/dijak-es-elismeresek\/\",\"name\":\"[:hu]D\u00edjak, elismer\u00e9sek[:en]Honours, awards[:de]Auszeichnungen, F\u00f6rderungen[:] - fuglinszky.com\",\"isPartOf\":{\"@id\":\"https:\/\/fuglinszky.com\/#website\"},\"datePublished\":\"2016-12-23T19:38:43+00:00\",\"dateModified\":\"2024-08-01T05:52:25+00:00\",\"breadcrumb\":{\"@id\":\"https:\/\/fuglinszky.com\/dijak-es-elismeresek\/#breadcrumb\"},\"inLanguage\":\"en-US\",\"potentialAction\":[{\"@type\":\"ReadAction\",\"target\":[\"https:\/\/fuglinszky.com\/dijak-es-elismeresek\/\"]}]},{\"@type\":\"BreadcrumbList\",\"@id\":\"https:\/\/fuglinszky.com\/dijak-es-elismeresek\/#breadcrumb\",\"itemListElement\":[{\"@type\":\"ListItem\",\"position\":1,\"name\":\"Home\",\"item\":\"https:\/\/fuglinszky.com\/\"},{\"@type\":\"ListItem\",\"position\":2,\"name\":\"D\u00edjak, elismer\u00e9sek\"}]},{\"@type\":\"WebSite\",\"@id\":\"https:\/\/fuglinszky.com\/#website\",\"url\":\"https:\/\/fuglinszky.com\/\",\"name\":\"fuglinszky.com\",\"description\":\"\",\"publisher\":{\"@id\":\"https:\/\/fuglinszky.com\/#\/schema\/person\/6e7d03d070e6249b7b5e86f6ba7e2e1c\"},\"potentialAction\":[{\"@type\":\"SearchAction\",\"target\":{\"@type\":\"EntryPoint\",\"urlTemplate\":\"https:\/\/fuglinszky.com\/?s={search_term_string}\"},\"query-input\":{\"@type\":\"PropertyValueSpecification\",\"valueRequired\":true,\"valueName\":\"search_term_string\"}}],\"inLanguage\":\"en-US\"},{\"@type\":[\"Person\",\"Organization\"],\"@id\":\"https:\/\/fuglinszky.com\/#\/schema\/person\/6e7d03d070e6249b7b5e86f6ba7e2e1c\",\"name\":\"fuglinszky\",\"image\":{\"@type\":\"ImageObject\",\"inLanguage\":\"en-US\",\"@id\":\"https:\/\/fuglinszky.com\/#\/schema\/person\/image\/\",\"url\":\"https:\/\/secure.gravatar.com\/avatar\/93e75cc1c5dcdf3f74ca2616e61579d1?s=96&d=mm&r=g\",\"contentUrl\":\"https:\/\/secure.gravatar.com\/avatar\/93e75cc1c5dcdf3f74ca2616e61579d1?s=96&d=mm&r=g\",\"caption\":\"fuglinszky\"},\"logo\":{\"@id\":\"https:\/\/fuglinszky.com\/#\/schema\/person\/image\/\"}}]}<\/script>\n<!-- \/ Yoast SEO plugin. -->","yoast_head_json":{"title":"[:hu]D\u00edjak, elismer\u00e9sek[:en]Honours, awards[:de]Auszeichnungen, F\u00f6rderungen[:] - fuglinszky.com","robots":{"index":"index","follow":"follow","max-snippet":"max-snippet:-1","max-image-preview":"max-image-preview:large","max-video-preview":"max-video-preview:-1"},"canonical":"https:\/\/fuglinszky.com\/dijak-es-elismeresek\/","og_locale":"en_US","og_type":"article","og_title":"[:hu]D\u00edjak, elismer\u00e9sek[:en]Honours, awards[:de]Auszeichnungen, F\u00f6rderungen[:] - fuglinszky.com","og_description":"As a student\u00a0(1995-2000) 1999 OTDK (Law Students' National Competition) Civil Law Section, Special Prize -\u00a0Certificate (Some questions of representation) 1997 - 2000 Scholarship of the Republic of Hungary (for excellent grades) -\u00a0Certificates 2000 Pro Juventute Facultatis Prize\u00a0(Certificate) and\u00a0Hajn\u00f3czy Prize (Certificate) for academic and social activities during graduate studies 2001 OTDK (Law Students' National Competition), Civil ...continue reading &rarr;","og_url":"https:\/\/fuglinszky.com\/dijak-es-elismeresek\/","og_site_name":"fuglinszky.com","article_modified_time":"2024-08-01T05:52:25+00:00","twitter_card":"summary_large_image","twitter_misc":{"Est. reading time":"2 minutes"},"schema":{"@context":"https:\/\/schema.org","@graph":[{"@type":"WebPage","@id":"https:\/\/fuglinszky.com\/dijak-es-elismeresek\/","url":"https:\/\/fuglinszky.com\/dijak-es-elismeresek\/","name":"[:hu]D\u00edjak, elismer\u00e9sek[:en]Honours, awards[:de]Auszeichnungen, F\u00f6rderungen[:] - fuglinszky.com","isPartOf":{"@id":"https:\/\/fuglinszky.com\/#website"},"datePublished":"2016-12-23T19:38:43+00:00","dateModified":"2024-08-01T05:52:25+00:00","breadcrumb":{"@id":"https:\/\/fuglinszky.com\/dijak-es-elismeresek\/#breadcrumb"},"inLanguage":"en-US","potentialAction":[{"@type":"ReadAction","target":["https:\/\/fuglinszky.com\/dijak-es-elismeresek\/"]}]},{"@type":"BreadcrumbList","@id":"https:\/\/fuglinszky.com\/dijak-es-elismeresek\/#breadcrumb","itemListElement":[{"@type":"ListItem","position":1,"name":"Home","item":"https:\/\/fuglinszky.com\/"},{"@type":"ListItem","position":2,"name":"D\u00edjak, elismer\u00e9sek"}]},{"@type":"WebSite","@id":"https:\/\/fuglinszky.com\/#website","url":"https:\/\/fuglinszky.com\/","name":"fuglinszky.com","description":"","publisher":{"@id":"https:\/\/fuglinszky.com\/#\/schema\/person\/6e7d03d070e6249b7b5e86f6ba7e2e1c"},"potentialAction":[{"@type":"SearchAction","target":{"@type":"EntryPoint","urlTemplate":"https:\/\/fuglinszky.com\/?s={search_term_string}"},"query-input":{"@type":"PropertyValueSpecification","valueRequired":true,"valueName":"search_term_string"}}],"inLanguage":"en-US"},{"@type":["Person","Organization"],"@id":"https:\/\/fuglinszky.com\/#\/schema\/person\/6e7d03d070e6249b7b5e86f6ba7e2e1c","name":"fuglinszky","image":{"@type":"ImageObject","inLanguage":"en-US","@id":"https:\/\/fuglinszky.com\/#\/schema\/person\/image\/","url":"https:\/\/secure.gravatar.com\/avatar\/93e75cc1c5dcdf3f74ca2616e61579d1?s=96&d=mm&r=g","contentUrl":"https:\/\/secure.gravatar.com\/avatar\/93e75cc1c5dcdf3f74ca2616e61579d1?s=96&d=mm&r=g","caption":"fuglinszky"},"logo":{"@id":"https:\/\/fuglinszky.com\/#\/schema\/person\/image\/"}}]}},"_links":{"self":[{"href":"https:\/\/fuglinszky.com\/en\/wp-json\/wp\/v2\/pages\/18","targetHints":{"allow":["GET"]}}],"collection":[{"href":"https:\/\/fuglinszky.com\/en\/wp-json\/wp\/v2\/pages"}],"about":[{"href":"https:\/\/fuglinszky.com\/en\/wp-json\/wp\/v2\/types\/page"}],"author":[{"embeddable":true,"href":"https:\/\/fuglinszky.com\/en\/wp-json\/wp\/v2\/users\/1"}],"replies":[{"embeddable":true,"href":"https:\/\/fuglinszky.com\/en\/wp-json\/wp\/v2\/comments?post=18"}],"version-history":[{"count":25,"href":"https:\/\/fuglinszky.com\/en\/wp-json\/wp\/v2\/pages\/18\/revisions"}],"predecessor-version":[{"id":927,"href":"https:\/\/fuglinszky.com\/en\/wp-json\/wp\/v2\/pages\/18\/revisions\/927"}],"wp:attachment":[{"href":"https:\/\/fuglinszky.com\/en\/wp-json\/wp\/v2\/media?parent=18"}],"curies":[{"name":"wp","href":"https:\/\/api.w.org\/{rel}","templated":true}]}}