{"id":19,"date":"2016-12-23T19:38:44","date_gmt":"2016-12-23T19:38:44","guid":{"rendered":"http:\/\/fuglinszky.com\/?page_id=19"},"modified":"2019-11-29T11:35:11","modified_gmt":"2019-11-29T10:35:11","slug":"fuglinszky-reka-publikacioi","status":"publish","type":"page","link":"https:\/\/fuglinszky.com\/en\/fuglinszky-reka-publikacioi\/","title":{"rendered":"Publications \u2013 R\u00e9ka Fuglinszky"},"content":{"rendered":"<p><\/p>\n<ol>\n<li>Kovacsevics R\u00e9ka:<br \/>\n<strong>Tulajdonkorl\u00e1toz\u00e1s a n\u00e9met, az osztr\u00e1k \u00e9s a magyar szomsz\u00e9djog t\u00fckr\u00e9ben<br \/>\n(Limitations on Ownership in German, Austrian and Hungarian Neighbourhood-law)<\/strong><br \/>\nin Nagy Marianna (szerk.) Jogi tanulm\u00e1nyok 2008, ELTE \u00c1JK, Budapest, 2008, 145-177. pp.<br \/>\nDownload\u00a0<a href=\"http:\/\/fuglinszky.com\/wp-content\/uploads\/2017\/01\/FIN_R\u00c9KA_JT_2008.pdf\" target=\"_blank\" rel=\"noopener\">here.<\/a><\/p>\n<hr \/>\n<\/li>\n<li>Fuglinszky R\u00e9ka:<br \/>\n<strong>Anti-suit injunction<br \/>\nA hat\u00e1ron \u00e1tny\u00fal\u00f3 perl\u00e9si tilalom Angli\u00e1ban, k\u00fcl\u00f6n\u00f6s tekintettel a jogint\u00e9zm\u00e9ny eur\u00f3pai joggal val\u00f3 \u00f6sszeegyeztethet\u0151s\u00e9g\u00e9re<br \/>\n(Anti-suit Injunctions in England, with Special Regard to Compatibility with European Law)<\/strong><br \/>\nin Szikora Veronika (szerk.)\u00a0Kih\u00edv\u00e1sok \u00e9s lehet\u0151s\u00e9gek napjaink mag\u00e1njog\u00e1ban, DE \u00c1JK Polg\u00e1ri Jogi Tansz\u00e9k, Debrecen, 2010, 151-182. pp.<br \/>\nDownload\u00a0<a href=\"http:\/\/fuglinszky.com\/wp-content\/uploads\/2017\/01\/Fuglinszky-R.-2009-Anti-suit-injuction-A-hat\u00e1ron-\u00e1tny\u00fal\u00f3-perel\u00e9si-....pdf\" target=\"_blank\" rel=\"noopener\">here.<\/a><\/p>\n<hr \/>\n<\/li>\n<li>Fuglinszky R\u00e9ka:<br \/>\n<strong>Term\u00e9kfelel\u0151ss\u00e9g t\u00e9rben \u00e9s id\u0151ben - Az amerikai \u00e9s az eur\u00f3pai modell dimenz\u00f3i<br \/>\n(Product Liability in Space and Time - The Dimensions of the American and the European Model)<\/strong><br \/>\nin Nagy Marianna (szerk.) Jogi tanulm\u00e1nyok 2009, ELTE \u00c1JK, Budapest, 2010, 85-114. pp.<br \/>\nDownload\u00a0<a href=\"http:\/\/fuglinszky.com\/wp-content\/uploads\/2017\/01\/FIN_R\u00c9KA_JT_2009.pdf\" target=\"_blank\" rel=\"noopener\">here.<\/a><\/p>\n<hr \/>\n<\/li>\n<li>Fuglinszky R\u00e9ka:<br \/>\n<strong>N\u00e9h\u00e1ny gondolat a term\u00e9kszavatoss\u00e1g jogint\u00e9zm\u00e9ny\u00e9hez<br \/>\n(Some Thoughts on Product Warranty)<\/strong><br \/>\nin Cs\u00f6ndes M\u00f3nika - Nemess\u00e1nyi Zolt\u00e1n (szerk.)\u00a0Merre tart a magyar civilisztikai jogalkot\u00e1s a XXI. sz\u00e1zad elej\u00e9n? PTE \u00c1JK, P\u00e9cs, 2010, 107-117. pp.<br \/>\nDownload\u00a0<a href=\"http:\/\/fuglinszky.com\/wp-content\/uploads\/2017\/01\/Fuglinszky-R.-2010-N\u00e9h\u00e1ny-gondolat-a-term\u00e9kszavatoss\u00e1g-jogint\u00e9zm\u00e9ny\u00e9....pdf\" target=\"_blank\" rel=\"noopener\">here.<\/a><\/p>\n<hr \/>\n<\/li>\n<li>Fuglinszky R\u00e9ka:<br \/>\n<strong>A nyilv\u00e1noss\u00e1g k\u00e9rd\u00e9se egyes dologi biztos\u00edt\u00e9kok eset\u00e9ben az Eur\u00f3pai Uni\u00f3ban<br \/>\n(Publicity Regarding Some In rem - Security Rights in the European Union)<br \/>\n<\/strong>Eur\u00f3pai jog, 2011\/2, 41-47. pp.<\/p>\n<hr \/>\n<\/li>\n<li>Fuglinszky R\u00e9ka\n<p class=\"cf1 agc selectedRow\" data-tid=\"1\"><strong>Szomsz\u00e9djogi gener\u00e1lklauzula\u201d (Ptk. 5:23. \u00a7): v\u00e1ltozatlan koncepci\u00f3, v\u00e1ltoz\u00f3 kih\u00edv\u00e1sok I. -\u00a0<\/strong><strong>(General Clause on Neighbourhood-rights \/\u00a7 5:23 of the Civil Code\/: Unchanged Concept, Changing Challenges, Part 1)<\/strong><br \/>\nPolg\u00e1ri Jog 2016\/11<br \/>\nhttp:\/\/uj.jogtar.hu\/#doc\/db\/193\/id\/A1601101.POJ\/ts\/10000101\/<\/p>\n<hr \/>\n<\/li>\n<li>Fuglinszky R\u00e9ka<br \/>\n<strong>Szomsz\u00e9djogi gener\u00e1lklauzula (Ptk. 5:23. \u00a7): v\u00e1ltozatlan koncepci\u00f3, v\u00e1ltoz\u00f3 kih\u00edv\u00e1sok II. -\u00a0(General Clause on Neighbourhood-rights \/\u00a7 5:23 of the Civil Code\/: Unchanged Concept, Changing Challenges, Part 2)<br \/>\n<\/strong>Polg\u00e1ri Jog, 2017\/1<br \/>\nhttps:\/\/uj.jogtar.hu\/#doc\/db\/193\/id\/A1700101.POJ\/ts\/10000101\/<\/p>\n<hr \/>\n<\/li>\n<li>Fuglinszky R\u00e9ka<br \/>\n<strong>A hat\u00e1ron \u00e1tny\u00fal\u00f3 sz\u00fcks\u00e9gtelen zavar\u00e1s<br \/>\n(Unnecessary Cross-border Disturbances)<br \/>\n<\/strong>Eur\u00f3pai jog, 2017\/1, 19-26 pp.<\/p>\n<hr \/>\n<\/li>\n<li>\n<p class=\"pcim\">R\u00e9ka Fuglinszky<br \/>\n<strong>Zur Problematik der grenz\u00fcberschreitenden Immissionen im Zusammenhang mit der Revision des ungarischen Internationalen Privatrechts<br \/>\n(Issues of Cross-border Immissions with Regard to the New Hungarian Act on Private International Law)<\/strong><br \/>\nIn: G\u00f6ssl Susanne Lilian (ed.)\u00a0<span style=\"font-size: 1rem;\">Politik und Internationales Privatrecht. T\u00fcbingen<\/span><span class=\"kiadvaros\" style=\"font-size: 1rem;\">:<\/span><span class=\"kiado\" style=\"font-size: 1rem;\">\u00a0Mohr Siebeck Verlag,\u00a0<\/span><span class=\"ev\" style=\"font-size: 1rem;\">2017.\u00a0<\/span><span class=\"oldal\" style=\"font-size: 1rem;\">pp. 111-128.<\/span><\/p>\n<hr \/>\n<\/li>\n<li>Fuglinszky R\u00e9ka<br \/>\n<strong>K\u00f6z\u00e9rdek a szomsz\u00e9djogban<br \/>\n(Public Interest in Neighbourhood-law)<\/strong><br \/>\nIn: S\u00e1rk\u00f6zy Tam\u00e1s (szerk.): Magyar Jog\u00e1szegyleti \u00c9rtekez\u00e9sek 2017\/7. A Magyar Jog\u00e1szegylet 2016. \u00e9vi Tudom\u00e1nyos P\u00e1ly\u00e1zat\u00e1n I. d\u00edjat nyert p\u00e1ly\u00e1zatok, Budapest, 2017, Wolters Kluwer, 75-98. - Download\u00a0<a href=\"https:\/\/fuglinszky.com\/wp-content\/uploads\/2018\/09\/Magyar-Jogaszegyleti-Ertekezesek_7.szam_Fuglinszky-Reka.pdf\" target=\"_blank\" rel=\"noopener\">here.<\/a><\/p>\n<hr \/>\n<\/li>\n<li>Fuglinszky R\u00e9ka<br \/>\n<strong>A szomsz\u00e9djogi gener\u00e1lklauzula - A Ptk. 5:23. \u00a7 \u00f6sszehasonl\u00edt\u00f3 \u00e9s gyakorlati elemz\u00e9se (The General Clause on Neighbourhood Rights in Property Law - A Comparative and Practical Analysis);<br \/>\n<\/strong>HVGORAC, Budapest, 2019, 344 p, ISBN:\u00a0978 963 258 463 8<br \/>\nSee on the Publisher's \u00a0website \u00a0<a href=\"https:\/\/hvgorac.hu\/szomszedjogi_generalklauzula\" target=\"_blank\" rel=\"noopener\">here.<\/a><\/li>\n<\/ol>\n<p><\/p>","protected":false},"excerpt":{"rendered":"<p>Kovacsevics R\u00e9ka: Tulajdonkorl\u00e1toz\u00e1s a n\u00e9met, az osztr\u00e1k \u00e9s a magyar szomsz\u00e9djog t\u00fckr\u00e9ben (Limitations on Ownership in German, Austrian and Hungarian Neighbourhood-law) in Nagy Marianna (szerk.) Jogi tanulm\u00e1nyok 2008, ELTE \u00c1JK, Budapest, 2008, 145-177. pp. Download\u00a0here. Fuglinszky R\u00e9ka: Anti-suit injunction A hat\u00e1ron \u00e1tny\u00fal\u00f3 perl\u00e9si tilalom Angli\u00e1ban, k\u00fcl\u00f6n\u00f6s tekintettel a jogint\u00e9zm\u00e9ny eur\u00f3pai joggal val\u00f3 \u00f6sszeegyeztethet\u0151s\u00e9g\u00e9re (Anti-suit Injunctions <a class=\"read-more\" href=\"https:\/\/fuglinszky.com\/en\/fuglinszky-reka-publikacioi\/\">...continue reading <span class=\"meta-nav\">&rarr;<\/span><\/a><\/p>\n","protected":false},"author":1,"featured_media":0,"parent":0,"menu_order":0,"comment_status":"closed","ping_status":"closed","template":"","meta":{"footnotes":""},"class_list":["post-19","page","type-page","status-publish","hentry"],"yoast_head":"<!-- This site is optimized with the Yoast SEO plugin v26.8 - https:\/\/yoast.com\/product\/yoast-seo-wordpress\/ -->\n<title>Publications \u2013 R\u00e9ka Fuglinszky - fuglinszky.com<\/title>\n<meta name=\"robots\" content=\"index, follow, max-snippet:-1, max-image-preview:large, max-video-preview:-1\" \/>\n<link rel=\"canonical\" href=\"https:\/\/fuglinszky.com\/en\/fuglinszky-reka-publikacioi\/\" \/>\n<meta property=\"og:locale\" content=\"en_US\" \/>\n<meta property=\"og:type\" content=\"article\" \/>\n<meta property=\"og:title\" content=\"[:hu]Fuglinszky R\u00e9ka publik\u00e1ci\u00f3i[:en]Publications \u2013 R\u00e9ka Fuglinszky[:de]Ver\u00f6ffentlichungen \u2013 R\u00e9ka Fuglinszky[:] - fuglinszky.com\" \/>\n<meta property=\"og:description\" content=\"Kovacsevics R\u00e9ka: Tulajdonkorl\u00e1toz\u00e1s a n\u00e9met, az osztr\u00e1k \u00e9s a magyar szomsz\u00e9djog t\u00fckr\u00e9ben (Limitations on Ownership in German, Austrian and Hungarian Neighbourhood-law) in Nagy Marianna (szerk.) Jogi tanulm\u00e1nyok 2008, ELTE \u00c1JK, Budapest, 2008, 145-177. pp. Download\u00a0here. Fuglinszky R\u00e9ka: Anti-suit injunction A hat\u00e1ron \u00e1tny\u00fal\u00f3 perl\u00e9si tilalom Angli\u00e1ban, k\u00fcl\u00f6n\u00f6s tekintettel a jogint\u00e9zm\u00e9ny eur\u00f3pai joggal val\u00f3 \u00f6sszeegyeztethet\u0151s\u00e9g\u00e9re (Anti-suit Injunctions ...continue reading &rarr;\" \/>\n<meta property=\"og:url\" content=\"https:\/\/fuglinszky.com\/en\/fuglinszky-reka-publikacioi\/\" \/>\n<meta property=\"og:site_name\" content=\"fuglinszky.com\" \/>\n<meta property=\"article:modified_time\" content=\"2019-11-29T10:35:11+00:00\" \/>\n<meta name=\"twitter:card\" content=\"summary_large_image\" \/>\n<meta name=\"twitter:label1\" content=\"Est. reading time\" \/>\n\t<meta name=\"twitter:data1\" content=\"6 minutes\" \/>\n<script type=\"application\/ld+json\" class=\"yoast-schema-graph\">{\"@context\":\"https:\/\/schema.org\",\"@graph\":[{\"@type\":\"WebPage\",\"@id\":\"https:\/\/fuglinszky.com\/en\/fuglinszky-reka-publikacioi\/\",\"url\":\"https:\/\/fuglinszky.com\/en\/fuglinszky-reka-publikacioi\/\",\"name\":\"[:hu]Fuglinszky R\u00e9ka publik\u00e1ci\u00f3i[:en]Publications \u2013 R\u00e9ka Fuglinszky[:de]Ver\u00f6ffentlichungen \u2013 R\u00e9ka Fuglinszky[:] - fuglinszky.com\",\"isPartOf\":{\"@id\":\"https:\/\/fuglinszky.com\/#website\"},\"datePublished\":\"2016-12-23T19:38:44+00:00\",\"dateModified\":\"2019-11-29T10:35:11+00:00\",\"breadcrumb\":{\"@id\":\"https:\/\/fuglinszky.com\/en\/fuglinszky-reka-publikacioi\/#breadcrumb\"},\"inLanguage\":\"en-US\",\"potentialAction\":[{\"@type\":\"ReadAction\",\"target\":[\"https:\/\/fuglinszky.com\/en\/fuglinszky-reka-publikacioi\/\"]}]},{\"@type\":\"BreadcrumbList\",\"@id\":\"https:\/\/fuglinszky.com\/en\/fuglinszky-reka-publikacioi\/#breadcrumb\",\"itemListElement\":[{\"@type\":\"ListItem\",\"position\":1,\"name\":\"Home\",\"item\":\"https:\/\/fuglinszky.com\/\"},{\"@type\":\"ListItem\",\"position\":2,\"name\":\"Publications \u2013 R\u00e9ka Fuglinszky\"}]},{\"@type\":\"WebSite\",\"@id\":\"https:\/\/fuglinszky.com\/#website\",\"url\":\"https:\/\/fuglinszky.com\/\",\"name\":\"fuglinszky.com\",\"description\":\"\",\"publisher\":{\"@id\":\"https:\/\/fuglinszky.com\/#\/schema\/person\/6e7d03d070e6249b7b5e86f6ba7e2e1c\"},\"potentialAction\":[{\"@type\":\"SearchAction\",\"target\":{\"@type\":\"EntryPoint\",\"urlTemplate\":\"https:\/\/fuglinszky.com\/?s={search_term_string}\"},\"query-input\":{\"@type\":\"PropertyValueSpecification\",\"valueRequired\":true,\"valueName\":\"search_term_string\"}}],\"inLanguage\":\"en-US\"},{\"@type\":[\"Person\",\"Organization\"],\"@id\":\"https:\/\/fuglinszky.com\/#\/schema\/person\/6e7d03d070e6249b7b5e86f6ba7e2e1c\",\"name\":\"fuglinszky\",\"image\":{\"@type\":\"ImageObject\",\"inLanguage\":\"en-US\",\"@id\":\"https:\/\/fuglinszky.com\/#\/schema\/person\/image\/\",\"url\":\"https:\/\/secure.gravatar.com\/avatar\/93e75cc1c5dcdf3f74ca2616e61579d1?s=96&d=mm&r=g\",\"contentUrl\":\"https:\/\/secure.gravatar.com\/avatar\/93e75cc1c5dcdf3f74ca2616e61579d1?s=96&d=mm&r=g\",\"caption\":\"fuglinszky\"},\"logo\":{\"@id\":\"https:\/\/fuglinszky.com\/#\/schema\/person\/image\/\"}}]}<\/script>\n<!-- \/ Yoast SEO plugin. -->","yoast_head_json":{"title":"[:hu]Fuglinszky R\u00e9ka publik\u00e1ci\u00f3i[:en]Publications \u2013 R\u00e9ka Fuglinszky[:de]Ver\u00f6ffentlichungen \u2013 R\u00e9ka Fuglinszky[:] - fuglinszky.com","robots":{"index":"index","follow":"follow","max-snippet":"max-snippet:-1","max-image-preview":"max-image-preview:large","max-video-preview":"max-video-preview:-1"},"canonical":"https:\/\/fuglinszky.com\/en\/fuglinszky-reka-publikacioi\/","og_locale":"en_US","og_type":"article","og_title":"[:hu]Fuglinszky R\u00e9ka publik\u00e1ci\u00f3i[:en]Publications \u2013 R\u00e9ka Fuglinszky[:de]Ver\u00f6ffentlichungen \u2013 R\u00e9ka Fuglinszky[:] - fuglinszky.com","og_description":"Kovacsevics R\u00e9ka: Tulajdonkorl\u00e1toz\u00e1s a n\u00e9met, az osztr\u00e1k \u00e9s a magyar szomsz\u00e9djog t\u00fckr\u00e9ben (Limitations on Ownership in German, Austrian and Hungarian Neighbourhood-law) in Nagy Marianna (szerk.) Jogi tanulm\u00e1nyok 2008, ELTE \u00c1JK, Budapest, 2008, 145-177. pp. Download\u00a0here. Fuglinszky R\u00e9ka: Anti-suit injunction A hat\u00e1ron \u00e1tny\u00fal\u00f3 perl\u00e9si tilalom Angli\u00e1ban, k\u00fcl\u00f6n\u00f6s tekintettel a jogint\u00e9zm\u00e9ny eur\u00f3pai joggal val\u00f3 \u00f6sszeegyeztethet\u0151s\u00e9g\u00e9re (Anti-suit Injunctions ...continue reading &rarr;","og_url":"https:\/\/fuglinszky.com\/en\/fuglinszky-reka-publikacioi\/","og_site_name":"fuglinszky.com","article_modified_time":"2019-11-29T10:35:11+00:00","twitter_card":"summary_large_image","twitter_misc":{"Est. reading time":"6 minutes"},"schema":{"@context":"https:\/\/schema.org","@graph":[{"@type":"WebPage","@id":"https:\/\/fuglinszky.com\/en\/fuglinszky-reka-publikacioi\/","url":"https:\/\/fuglinszky.com\/en\/fuglinszky-reka-publikacioi\/","name":"[:hu]Fuglinszky R\u00e9ka publik\u00e1ci\u00f3i[:en]Publications \u2013 R\u00e9ka Fuglinszky[:de]Ver\u00f6ffentlichungen \u2013 R\u00e9ka Fuglinszky[:] - fuglinszky.com","isPartOf":{"@id":"https:\/\/fuglinszky.com\/#website"},"datePublished":"2016-12-23T19:38:44+00:00","dateModified":"2019-11-29T10:35:11+00:00","breadcrumb":{"@id":"https:\/\/fuglinszky.com\/en\/fuglinszky-reka-publikacioi\/#breadcrumb"},"inLanguage":"en-US","potentialAction":[{"@type":"ReadAction","target":["https:\/\/fuglinszky.com\/en\/fuglinszky-reka-publikacioi\/"]}]},{"@type":"BreadcrumbList","@id":"https:\/\/fuglinszky.com\/en\/fuglinszky-reka-publikacioi\/#breadcrumb","itemListElement":[{"@type":"ListItem","position":1,"name":"Home","item":"https:\/\/fuglinszky.com\/"},{"@type":"ListItem","position":2,"name":"Publications \u2013 R\u00e9ka Fuglinszky"}]},{"@type":"WebSite","@id":"https:\/\/fuglinszky.com\/#website","url":"https:\/\/fuglinszky.com\/","name":"fuglinszky.com","description":"","publisher":{"@id":"https:\/\/fuglinszky.com\/#\/schema\/person\/6e7d03d070e6249b7b5e86f6ba7e2e1c"},"potentialAction":[{"@type":"SearchAction","target":{"@type":"EntryPoint","urlTemplate":"https:\/\/fuglinszky.com\/?s={search_term_string}"},"query-input":{"@type":"PropertyValueSpecification","valueRequired":true,"valueName":"search_term_string"}}],"inLanguage":"en-US"},{"@type":["Person","Organization"],"@id":"https:\/\/fuglinszky.com\/#\/schema\/person\/6e7d03d070e6249b7b5e86f6ba7e2e1c","name":"fuglinszky","image":{"@type":"ImageObject","inLanguage":"en-US","@id":"https:\/\/fuglinszky.com\/#\/schema\/person\/image\/","url":"https:\/\/secure.gravatar.com\/avatar\/93e75cc1c5dcdf3f74ca2616e61579d1?s=96&d=mm&r=g","contentUrl":"https:\/\/secure.gravatar.com\/avatar\/93e75cc1c5dcdf3f74ca2616e61579d1?s=96&d=mm&r=g","caption":"fuglinszky"},"logo":{"@id":"https:\/\/fuglinszky.com\/#\/schema\/person\/image\/"}}]}},"_links":{"self":[{"href":"https:\/\/fuglinszky.com\/en\/wp-json\/wp\/v2\/pages\/19","targetHints":{"allow":["GET"]}}],"collection":[{"href":"https:\/\/fuglinszky.com\/en\/wp-json\/wp\/v2\/pages"}],"about":[{"href":"https:\/\/fuglinszky.com\/en\/wp-json\/wp\/v2\/types\/page"}],"author":[{"embeddable":true,"href":"https:\/\/fuglinszky.com\/en\/wp-json\/wp\/v2\/users\/1"}],"replies":[{"embeddable":true,"href":"https:\/\/fuglinszky.com\/en\/wp-json\/wp\/v2\/comments?post=19"}],"version-history":[{"count":13,"href":"https:\/\/fuglinszky.com\/en\/wp-json\/wp\/v2\/pages\/19\/revisions"}],"predecessor-version":[{"id":756,"href":"https:\/\/fuglinszky.com\/en\/wp-json\/wp\/v2\/pages\/19\/revisions\/756"}],"wp:attachment":[{"href":"https:\/\/fuglinszky.com\/en\/wp-json\/wp\/v2\/media?parent=19"}],"curies":[{"name":"wp","href":"https:\/\/api.w.org\/{rel}","templated":true}]}}