{"id":266,"date":"2017-01-02T11:21:16","date_gmt":"2017-01-02T11:21:16","guid":{"rendered":"http:\/\/fuglinszky.com\/?page_id=266"},"modified":"2019-01-14T09:08:16","modified_gmt":"2019-01-14T08:08:16","slug":"kepzesi-anyagok","status":"publish","type":"page","link":"https:\/\/fuglinszky.com\/en\/publikaciok\/kepzesi-anyagok\/","title":{"rendered":"Teaching materials"},"content":{"rendered":"<p><\/p>\n<ol>\n<li>Fuglinszky \u00c1d\u00e1m:<br \/>\n<strong>Az \u00faj Polg\u00e1ri T\u00f6rv\u00e9nyk\u00f6nyv k\u00f6telmi jogi k\u00f6nyve<\/strong><br \/>\n<strong>V\u00e1zlatok: el\u0151ad\u00e1ssorozat k\u00f6zjegyz\u0151k sz\u00e1m\u00e1ra a Magyar Orsz\u00e1gos K\u00f6zjegyz\u0151i Kamara szervez\u00e9s\u00e9ben<br \/>\n(The Law of Obligations of the New Civil Code - Materials to the Course of Lectures for Notaries organized by the Hungarian Chamber of Notaries)<\/strong><br \/>\nMOKK, Budapest, 2013, 166 pp.<\/p>\n<hr \/>\n<\/li>\n<li>Fuglinszky \u00c1d\u00e1m - T\u0151key Bal\u00e1zs:<br \/>\n<strong>Szerz\u0151d\u00e9si jog - k\u00fcl\u00f6n\u00f6s r\u00e9sz (Contract Law - Special Part)<br \/>\n<\/strong>ELTE E\u00f6tv\u00f6s Kiad\u00f3, Budapest, 2018, 836 pp, ISBN: 978-963-312-292-1<br \/>\nCf. the Publisher's website\u00a0<a href=\"http:\/\/eotvospontok.hu\/szerzodesi-jog-kulonos-resz\" target=\"_blank\" rel=\"noopener\">here<\/a>.<\/li>\n<\/ol>\n<p><\/p>","protected":false},"excerpt":{"rendered":"<p>Fuglinszky \u00c1d\u00e1m: Az \u00faj Polg\u00e1ri T\u00f6rv\u00e9nyk\u00f6nyv k\u00f6telmi jogi k\u00f6nyve V\u00e1zlatok: el\u0151ad\u00e1ssorozat k\u00f6zjegyz\u0151k sz\u00e1m\u00e1ra a Magyar Orsz\u00e1gos K\u00f6zjegyz\u0151i Kamara szervez\u00e9s\u00e9ben (The Law of Obligations of the New Civil Code - Materials to the Course of Lectures for Notaries organized by the Hungarian Chamber of Notaries) MOKK, Budapest, 2013, 166 pp. Fuglinszky \u00c1d\u00e1m - T\u0151key Bal\u00e1zs: Szerz\u0151d\u00e9si <a class=\"read-more\" href=\"https:\/\/fuglinszky.com\/en\/publikaciok\/kepzesi-anyagok\/\">...continue reading <span class=\"meta-nav\">&rarr;<\/span><\/a><\/p>\n","protected":false},"author":1,"featured_media":0,"parent":16,"menu_order":0,"comment_status":"closed","ping_status":"closed","template":"","meta":{"footnotes":""},"class_list":["post-266","page","type-page","status-publish","hentry"],"yoast_head":"<!-- This site is optimized with the Yoast SEO plugin v26.8 - https:\/\/yoast.com\/product\/yoast-seo-wordpress\/ -->\n<title>Teaching materials - fuglinszky.com<\/title>\n<meta name=\"robots\" content=\"index, follow, max-snippet:-1, max-image-preview:large, max-video-preview:-1\" \/>\n<link rel=\"canonical\" href=\"https:\/\/fuglinszky.com\/en\/publikaciok\/kepzesi-anyagok\/\" \/>\n<meta property=\"og:locale\" content=\"en_US\" \/>\n<meta property=\"og:type\" content=\"article\" \/>\n<meta property=\"og:title\" content=\"[:hu]K\u00e9pz\u00e9si anyagok[:en]Teaching materials[:de]Lehrmaterialien[:] - fuglinszky.com\" \/>\n<meta property=\"og:description\" content=\"Fuglinszky \u00c1d\u00e1m: Az \u00faj Polg\u00e1ri T\u00f6rv\u00e9nyk\u00f6nyv k\u00f6telmi jogi k\u00f6nyve V\u00e1zlatok: el\u0151ad\u00e1ssorozat k\u00f6zjegyz\u0151k sz\u00e1m\u00e1ra a Magyar Orsz\u00e1gos K\u00f6zjegyz\u0151i Kamara szervez\u00e9s\u00e9ben (The Law of Obligations of the New Civil Code - Materials to the Course of Lectures for Notaries organized by the Hungarian Chamber of Notaries) MOKK, Budapest, 2013, 166 pp. Fuglinszky \u00c1d\u00e1m - T\u0151key Bal\u00e1zs: Szerz\u0151d\u00e9si ...continue reading &rarr;\" \/>\n<meta property=\"og:url\" content=\"https:\/\/fuglinszky.com\/en\/publikaciok\/kepzesi-anyagok\/\" \/>\n<meta property=\"og:site_name\" content=\"fuglinszky.com\" \/>\n<meta property=\"article:modified_time\" content=\"2019-01-14T08:08:16+00:00\" \/>\n<meta name=\"twitter:card\" content=\"summary_large_image\" \/>\n<meta name=\"twitter:label1\" content=\"Est. reading time\" \/>\n\t<meta name=\"twitter:data1\" content=\"1 minute\" \/>\n<script type=\"application\/ld+json\" class=\"yoast-schema-graph\">{\"@context\":\"https:\/\/schema.org\",\"@graph\":[{\"@type\":\"WebPage\",\"@id\":\"https:\/\/fuglinszky.com\/en\/publikaciok\/kepzesi-anyagok\/\",\"url\":\"https:\/\/fuglinszky.com\/en\/publikaciok\/kepzesi-anyagok\/\",\"name\":\"[:hu]K\u00e9pz\u00e9si anyagok[:en]Teaching materials[:de]Lehrmaterialien[:] - fuglinszky.com\",\"isPartOf\":{\"@id\":\"https:\/\/fuglinszky.com\/#website\"},\"datePublished\":\"2017-01-02T11:21:16+00:00\",\"dateModified\":\"2019-01-14T08:08:16+00:00\",\"breadcrumb\":{\"@id\":\"https:\/\/fuglinszky.com\/en\/publikaciok\/kepzesi-anyagok\/#breadcrumb\"},\"inLanguage\":\"en-US\",\"potentialAction\":[{\"@type\":\"ReadAction\",\"target\":[\"https:\/\/fuglinszky.com\/en\/publikaciok\/kepzesi-anyagok\/\"]}]},{\"@type\":\"BreadcrumbList\",\"@id\":\"https:\/\/fuglinszky.com\/en\/publikaciok\/kepzesi-anyagok\/#breadcrumb\",\"itemListElement\":[{\"@type\":\"ListItem\",\"position\":1,\"name\":\"Home\",\"item\":\"https:\/\/fuglinszky.com\/\"},{\"@type\":\"ListItem\",\"position\":2,\"name\":\"Publications\",\"item\":\"https:\/\/fuglinszky.com\/en\/publikaciok\/\"},{\"@type\":\"ListItem\",\"position\":3,\"name\":\"Teaching materials\"}]},{\"@type\":\"WebSite\",\"@id\":\"https:\/\/fuglinszky.com\/#website\",\"url\":\"https:\/\/fuglinszky.com\/\",\"name\":\"fuglinszky.com\",\"description\":\"\",\"publisher\":{\"@id\":\"https:\/\/fuglinszky.com\/#\/schema\/person\/6e7d03d070e6249b7b5e86f6ba7e2e1c\"},\"potentialAction\":[{\"@type\":\"SearchAction\",\"target\":{\"@type\":\"EntryPoint\",\"urlTemplate\":\"https:\/\/fuglinszky.com\/?s={search_term_string}\"},\"query-input\":{\"@type\":\"PropertyValueSpecification\",\"valueRequired\":true,\"valueName\":\"search_term_string\"}}],\"inLanguage\":\"en-US\"},{\"@type\":[\"Person\",\"Organization\"],\"@id\":\"https:\/\/fuglinszky.com\/#\/schema\/person\/6e7d03d070e6249b7b5e86f6ba7e2e1c\",\"name\":\"fuglinszky\",\"image\":{\"@type\":\"ImageObject\",\"inLanguage\":\"en-US\",\"@id\":\"https:\/\/fuglinszky.com\/#\/schema\/person\/image\/\",\"url\":\"https:\/\/secure.gravatar.com\/avatar\/93e75cc1c5dcdf3f74ca2616e61579d1?s=96&d=mm&r=g\",\"contentUrl\":\"https:\/\/secure.gravatar.com\/avatar\/93e75cc1c5dcdf3f74ca2616e61579d1?s=96&d=mm&r=g\",\"caption\":\"fuglinszky\"},\"logo\":{\"@id\":\"https:\/\/fuglinszky.com\/#\/schema\/person\/image\/\"}}]}<\/script>\n<!-- \/ Yoast SEO plugin. -->","yoast_head_json":{"title":"[:hu]K\u00e9pz\u00e9si anyagok[:en]Teaching materials[:de]Lehrmaterialien[:] - fuglinszky.com","robots":{"index":"index","follow":"follow","max-snippet":"max-snippet:-1","max-image-preview":"max-image-preview:large","max-video-preview":"max-video-preview:-1"},"canonical":"https:\/\/fuglinszky.com\/en\/publikaciok\/kepzesi-anyagok\/","og_locale":"en_US","og_type":"article","og_title":"[:hu]K\u00e9pz\u00e9si anyagok[:en]Teaching materials[:de]Lehrmaterialien[:] - fuglinszky.com","og_description":"Fuglinszky \u00c1d\u00e1m: Az \u00faj Polg\u00e1ri T\u00f6rv\u00e9nyk\u00f6nyv k\u00f6telmi jogi k\u00f6nyve V\u00e1zlatok: el\u0151ad\u00e1ssorozat k\u00f6zjegyz\u0151k sz\u00e1m\u00e1ra a Magyar Orsz\u00e1gos K\u00f6zjegyz\u0151i Kamara szervez\u00e9s\u00e9ben (The Law of Obligations of the New Civil Code - Materials to the Course of Lectures for Notaries organized by the Hungarian Chamber of Notaries) MOKK, Budapest, 2013, 166 pp. Fuglinszky \u00c1d\u00e1m - T\u0151key Bal\u00e1zs: Szerz\u0151d\u00e9si ...continue reading &rarr;","og_url":"https:\/\/fuglinszky.com\/en\/publikaciok\/kepzesi-anyagok\/","og_site_name":"fuglinszky.com","article_modified_time":"2019-01-14T08:08:16+00:00","twitter_card":"summary_large_image","twitter_misc":{"Est. reading time":"1 minute"},"schema":{"@context":"https:\/\/schema.org","@graph":[{"@type":"WebPage","@id":"https:\/\/fuglinszky.com\/en\/publikaciok\/kepzesi-anyagok\/","url":"https:\/\/fuglinszky.com\/en\/publikaciok\/kepzesi-anyagok\/","name":"[:hu]K\u00e9pz\u00e9si anyagok[:en]Teaching materials[:de]Lehrmaterialien[:] - fuglinszky.com","isPartOf":{"@id":"https:\/\/fuglinszky.com\/#website"},"datePublished":"2017-01-02T11:21:16+00:00","dateModified":"2019-01-14T08:08:16+00:00","breadcrumb":{"@id":"https:\/\/fuglinszky.com\/en\/publikaciok\/kepzesi-anyagok\/#breadcrumb"},"inLanguage":"en-US","potentialAction":[{"@type":"ReadAction","target":["https:\/\/fuglinszky.com\/en\/publikaciok\/kepzesi-anyagok\/"]}]},{"@type":"BreadcrumbList","@id":"https:\/\/fuglinszky.com\/en\/publikaciok\/kepzesi-anyagok\/#breadcrumb","itemListElement":[{"@type":"ListItem","position":1,"name":"Home","item":"https:\/\/fuglinszky.com\/"},{"@type":"ListItem","position":2,"name":"Publications","item":"https:\/\/fuglinszky.com\/en\/publikaciok\/"},{"@type":"ListItem","position":3,"name":"Teaching materials"}]},{"@type":"WebSite","@id":"https:\/\/fuglinszky.com\/#website","url":"https:\/\/fuglinszky.com\/","name":"fuglinszky.com","description":"","publisher":{"@id":"https:\/\/fuglinszky.com\/#\/schema\/person\/6e7d03d070e6249b7b5e86f6ba7e2e1c"},"potentialAction":[{"@type":"SearchAction","target":{"@type":"EntryPoint","urlTemplate":"https:\/\/fuglinszky.com\/?s={search_term_string}"},"query-input":{"@type":"PropertyValueSpecification","valueRequired":true,"valueName":"search_term_string"}}],"inLanguage":"en-US"},{"@type":["Person","Organization"],"@id":"https:\/\/fuglinszky.com\/#\/schema\/person\/6e7d03d070e6249b7b5e86f6ba7e2e1c","name":"fuglinszky","image":{"@type":"ImageObject","inLanguage":"en-US","@id":"https:\/\/fuglinszky.com\/#\/schema\/person\/image\/","url":"https:\/\/secure.gravatar.com\/avatar\/93e75cc1c5dcdf3f74ca2616e61579d1?s=96&d=mm&r=g","contentUrl":"https:\/\/secure.gravatar.com\/avatar\/93e75cc1c5dcdf3f74ca2616e61579d1?s=96&d=mm&r=g","caption":"fuglinszky"},"logo":{"@id":"https:\/\/fuglinszky.com\/#\/schema\/person\/image\/"}}]}},"_links":{"self":[{"href":"https:\/\/fuglinszky.com\/en\/wp-json\/wp\/v2\/pages\/266","targetHints":{"allow":["GET"]}}],"collection":[{"href":"https:\/\/fuglinszky.com\/en\/wp-json\/wp\/v2\/pages"}],"about":[{"href":"https:\/\/fuglinszky.com\/en\/wp-json\/wp\/v2\/types\/page"}],"author":[{"embeddable":true,"href":"https:\/\/fuglinszky.com\/en\/wp-json\/wp\/v2\/users\/1"}],"replies":[{"embeddable":true,"href":"https:\/\/fuglinszky.com\/en\/wp-json\/wp\/v2\/comments?post=266"}],"version-history":[{"count":14,"href":"https:\/\/fuglinszky.com\/en\/wp-json\/wp\/v2\/pages\/266\/revisions"}],"predecessor-version":[{"id":672,"href":"https:\/\/fuglinszky.com\/en\/wp-json\/wp\/v2\/pages\/266\/revisions\/672"}],"up":[{"embeddable":true,"href":"https:\/\/fuglinszky.com\/en\/wp-json\/wp\/v2\/pages\/16"}],"wp:attachment":[{"href":"https:\/\/fuglinszky.com\/en\/wp-json\/wp\/v2\/media?parent=266"}],"curies":[{"name":"wp","href":"https:\/\/api.w.org\/{rel}","templated":true}]}}