{"id":38,"date":"2016-12-23T19:44:14","date_gmt":"2016-12-23T19:44:14","guid":{"rendered":"http:\/\/fuglinszky.com\/?page_id=38"},"modified":"2023-02-17T11:45:16","modified_gmt":"2023-02-17T10:45:16","slug":"tanulmanyok","status":"publish","type":"page","link":"https:\/\/fuglinszky.com\/en\/publikaciok\/tanulmanyok\/","title":{"rendered":"Journal articles"},"content":{"rendered":"<p>1. Fuglinszky \u00c1d\u00e1m:<br \/>\n<strong>A kezess\u00e9g jogint\u00e9zm\u00e9nye a h\u00e1zal\u00f3 kereskedelem, illetve a fogyaszt\u00f3i k\u00f6lcs\u00f6n<\/strong> <strong>szemsz\u00f6g\u00e9b\u0151l a vonatkoz\u00f3 EU ir\u00e1nyelvek \u00e9s a n\u00e9met jog t\u00fckr\u00e9ben<br \/>\n<\/strong><strong>(Suretyship from the Perspective of Doorstep Selling and\u00a0Consumer Loans in the Light of the Relevant EU Directives and German Law)<\/strong><br \/>\nPolg\u00e1ri jogi kodifik\u00e1ci\u00f3 2000\/4, pp. 32.-34.<br \/>\n(Download the whole issue\u00a0<a href=\"http:\/\/ptk2012.hu\/wp-content\/uploads\/2012\/11\/2000-4PJK.pdf\" target=\"_blank\" rel=\"noopener noreferrer\">here.<\/a>)<\/p>\n<hr \/>\n<p>2. Fuglinszky \u00c1d\u00e1m:<br \/>\n<strong>A saj\u00e1t r\u00e9szv\u00e9nyek megszerz\u00e9s\u00e9nek szab\u00e1lyoz\u00e1sa a t\u0151kev\u00e9delmi ir\u00e1nyelvben \u00e9s a n\u00e9met jogban (The Rules on Acquisition of Own Shares in the Directive on Capital Maintenance and in German Law )<\/strong><br \/>\nPolg\u00e1ri jogi kodifik\u00e1ci\u00f3 2002\/2, pp. 30.-34.<br \/>\n(Download the whole issue <a href=\"http:\/\/ptk2012.hu\/wp-content\/uploads\/2012\/11\/2002-2kodi.pdf\" target=\"_blank\" rel=\"noopener noreferrer\">here.<\/a>)<\/p>\n<hr \/>\n<p>3. Fuglinszky \u00c1d\u00e1m:<br \/>\n<strong>Felr\u00f3hat\u00f3 k\u00e1rosulti k\u00f6zrehat\u00e1s \u00e9s k\u00e1renyh\u00edt\u00e9si k\u00f6telezetts\u00e9g a magyar polg\u00e1ri jogban (The Victim's Contributory Fault and Duty to Mitigate in Hungarian Civil Law)<\/strong><br \/>\nPolg\u00e1ri jogi kodifik\u00e1ci\u00f3 2008\/4, pp. 3.-23.<br \/>\n(Download the whole issue <a href=\"http:\/\/ptk2012.hu\/wp-content\/uploads\/2012\/10\/2008-4kodi.pdf\" target=\"_blank\" rel=\"noopener noreferrer\">here.<\/a>)<\/p>\n<hr \/>\n<p>4. Fuglinszky \u00c1d\u00e1m:<br \/>\n<strong>Az el\u0151rel\u00e1that\u00f3s\u00e1gi klauzula egyes k\u00e9rd\u00e9sei, avagy kinek, mikor \u00e9s mit kell el\u0151rel\u00e1tnia (Some Questions on the Foreseeability Clause; Who Does Foresee When and What)<\/strong><br \/>\nMagyar Jog 2011\/7, pp. 412.-425. Download\u00a0<a href=\"http:\/\/fuglinszky.com\/wp-content\/uploads\/2017\/01\/Magyar_Jog_2011_El\u0151rel\u00e1that\u00f3s\u00e1g.pdf\" target=\"_blank\" rel=\"noopener noreferrer\">here.<\/a><\/p>\n<hr \/>\n<p>5. \u00c1d\u00e1m Fuglinszky:<br \/>\n<strong>Civil Liability in a Mixed Jurisdiction: Quebec and the Network of Ratio Communis<\/strong><br \/>\nTulane Europen and Civil Law Forum 2013, pp. 1-50. Download\u00a0<a href=\"https:\/\/fuglinszky.com\/wp-content\/uploads\/2019\/09\/1809-6222-1-PBj\u00f3tul\u00e9n.pdf\" target=\"_blank\" rel=\"noopener noreferrer\">here.<\/a><\/p>\n<hr \/>\n<p>6. \u00c1d\u00e1m Fuglinszky:<br \/>\n<strong>Rechtsangleichung entlang der \u201eRationes Communes\u201d oder die Wirkungen gemischter Rechtsordnungen im Haftungsrecht<br \/>\n(Approximation of the Laws alongside \"Rationes Communes\" or the Impacts of Mixed Legal Systems on Liability Law)<\/strong><br \/>\nAnnales Universitatis Scientiarium Budapestiensis de Rolando E\u00f6tv\u00f6s Nominataet Sectio Iuridica, Tomus LIV Annus 2013, pp 395-429. - Download\u00a0<a href=\"http:\/\/fuglinszky.com\/wp-content\/uploads\/2017\/01\/RECHTSANGLEICHUNG_ENTLANG_DER_RATIONES_C.pdf\" target=\"_blank\" rel=\"noopener noreferrer\">here.<\/a><\/p>\n<hr \/>\n<p>7. Fuglinszky \u00c1d\u00e1m:<br \/>\n<strong>Jogk\u00f6zel\u00edt\u00e9s a \u2019rationes communes\u2019 ment\u00e9n, avagy vegyes jogrendszeri hat\u00e1sok a felel\u0151ss\u00e9gi jogban<br \/>\n(Approximation of the Laws alongside \"Rationes Communes\" or the Impacts of Mixed Legal Systems on Liability Law)<\/strong><br \/>\nActa Facultatis Politico-iuridicae Universitatis Scientiarum Budapestinensis de Rolando E\u00f6tv\u00f6s Nominatae, Tomus XL. Annus 2013, pp. 9-32. Download\u00a0<a href=\"http:\/\/fuglinszky.com\/wp-content\/uploads\/2017\/01\/FIN_\u00c1D\u00c1M_ACTAFAC.pdf\" target=\"_blank\" rel=\"noopener noreferrer\">here.<\/a><\/p>\n<hr \/>\n<p>8. \u00c1d\u00e1m Fuglinszky:<br \/>\n<strong>The Reform of Contractual Liability in the New Hungarian Civil Code: <\/strong><br \/>\n<strong>Strict Liability and Foreseeability Clause as Legal Transplants <\/strong><br \/>\nRabels Zeitschrift f\u00fcr ausl\u00e4ndisches und internationales Privatrecht 2015 (79) Heft 1, pp 72-116.<\/p>\n<hr \/>\n<p>9. \u00c1d\u00e1m Fuglinszky:<br \/>\n<strong>Risks and Side Effects: Five Questions on the \u2018New\u2019 Hungarian Tort Law<\/strong><br \/>\nELTE Law Journal 2014\/2, pp 199-221. Download\u00a0<a href=\"http:\/\/eltelawjournal.hu\/wp-content\/uploads\/2015\/12\/15_Adam_Fuglinszky.pdf\" target=\"_blank\" rel=\"noopener noreferrer\">here.<\/a>.<\/p>\n<hr \/>\n<p>10. \u00c1d\u00e1m Fuglinszky:<br \/>\n<strong>Die Vorhersehbarkeit als Allheilmittel des Schadensersatzrechts?: <\/strong><br \/>\n<strong>(Wer muss was und wann vorhersehen - ein Sensibilisierungsversuch)<br \/>\n<\/strong><strong>(The Foreseeability as the Panacea of the Law of Damages?:<br \/>\n<\/strong><strong>Who Must Foresee When and What - an Attempt to\u00a0<\/strong><b>Sensitize)<\/b><br \/>\nUngarisches Jahrbuch f\u00fcr Handelsrecht III: pp. 133-161. (2015) - Download\u00a0<a href=\"http:\/\/fuglinszky.com\/wp-content\/uploads\/2017\/01\/Die_Vorhersehbarkeit_als_Allheilmittel_d.pdf\" target=\"_blank\" rel=\"noopener noreferrer\">here.<\/a><\/p>\n<hr \/>\n<p>11. \u00c1d\u00e1m Fuglinszky:<br \/>\n<strong>Verbrauchsg\u00fcterkauf im ungarischen Privatrecht \u2013 Vom verwaisten \u201eWeber\u201c und \u201ePutz\u201c zu einem Satyr des Verbraucherprivatrechts<br \/>\n<\/strong><strong>(Consumer Sales\u00a0Contracts in Hungarian Private Law - from the Orphaned Weber und Putz to a Satyr of Consumer Private Law)<\/strong><br \/>\nZeitschrift f\u00fcr das Europ\u00e4isches Ptivatrecht (ZeuP) 2016 Heft 1, pp 121-157.<\/p>\n<hr \/>\n<p>12. Fuglinszky \u00c1d\u00e1m:<br \/>\n<strong>A term\u00e9kszavatoss\u00e1g koll\u00edzi\u00f3s jogi min\u0151s\u00edt\u00e9se<br \/>\n<\/strong><strong>(The PIL Qualification of Product Warranty)<\/strong><br \/>\nPolg\u00e1ri Jog, 2016:(4),<br \/>\nhttp:\/\/uj.jogtar.hu\/#doc\/db\/193\/id\/A1600401.POJ\/. (2016)<\/p>\n<hr \/>\n<p>13. Adam Fuglinszky:<br \/>\n<strong style=\"font-size: 1rem;\">Hungarian law and practice of civil partnerships with special regard to same-sex couples<br \/>\n<\/strong><span style=\"font-size: 1rem;\">Cuadernos de Derecho Transnacional, Vol. 9 2017 - No. 2, pp 278-316.<br \/>\nDownload\u00a0<a href=\"https:\/\/fuglinszky.com\/wp-content\/uploads\/2019\/09\/Fuglinszky_civil-law_partnership.pdf\" target=\"_blank\" rel=\"noopener noreferrer\">here.<\/a><\/span><\/p>\n<hr \/>\n<p>14. Fuglinszky \u00c1d\u00e1m:<br \/>\n<strong>The Conceivable Ways and Means of the Further Harmonization of European Product Liability Law \u2013 Mandatory Direct Claim against the Producer for Repair or Replacement?<br \/>\n<\/strong>Zeitschrift f\u00fcr Europ\u00e4isches Privatrecht (ZEuP) 2018 Heft 3, pp 590-624.<\/p>\n<hr \/>\n<p>15. Fuglinszky \u00c1d\u00e1m:<br \/>\n<strong>Az el\u0151rel\u00e1that\u00f3s\u00e1gi klauzula \u00e9rtelmez\u00e9s\u00e9nek \u00fajabb dilemm\u00e1i<br \/>\n(Some Recent Interpretation Dilemmas of the Foreseeability Clause)<\/strong><br \/>\n<span class=\"journal-title\">Gazdas\u00e1g \u00e9s Jog,<\/span>\u00a0<span class=\"journal-volume\">XXVII 2019<\/span>: <span class=\"journal-issue\">7-8<\/span> <span class=\"page\">pp 1-7. Download<\/span>\u00a0<a href=\"https:\/\/fuglinszky.com\/wp-content\/uploads\/2019\/09\/GJ_201907-8_1-7o_fuglinszky.pdf\" target=\"_blank\" rel=\"noopener noreferrer\">here.<\/a><\/p>\n<hr \/>\n<p>16. \u00c1d\u00e1m Fuglinszky<br \/>\n<strong>Applied Comparative Law in Central Europe<\/strong><br \/>\n<span class=\"journal-title\">Journal of International and Comparative Law (JICL), 2019,<\/span> <span class=\"journal-volume\">6<\/span>:<span class=\"journal-issue\">2,<\/span> <span class=\"page\">pp 245-271.<\/span><\/p>\n<hr \/>\n<p>17. \u00c1d\u00e1m Fuglinszky<br \/>\n<strong><span style=\"font-size: 1rem;\">Mandatory Direct Remedies against the Producer for Repair or Replacement in Private International Law<br \/>\n<\/span><\/strong><span style=\"font-size: 1rem;\">Yearbook of Private International Law, Vol. XX - 2018\/2019, 2019, pp 95-111.<\/span><\/p>\n<hr \/>\n<p>18. \u00c1d\u00e1m Fuglinszky - Orsolya Szeibert - Bal\u00e1zs T\u0151key<br \/>\n<strong>Prelude to the GoInEUPlus Papers: The Hungarian Perspective on the EU Succession Regulation \u2013 Prognoses and the Very First Experiences<\/strong><br \/>\nELTE Law Journal, 2019, 7:1, pp 7-18, Let\u00f6lthet\u0151: <a href=\"https:\/\/fuglinszky.com\/wp-content\/uploads\/2020\/10\/ELJ-2019-1_Fuglinszky-Szeibert_Tokay_.pdf\" target=\"_blank\" rel=\"noopener noreferrer\">itt<\/a><\/p>\n<hr \/>\n<p>19. \u00c1d\u00e1m Fuglinszky - R\u00e9ka Somssich<br \/>\n<strong>Language-bound terms\u2014term-bound languages: the difficulties of translating a national civil code into a lingua franca<\/strong><br \/>\n<span class=\"journal-title\">International Journal for the Semiotics of Law - Revue Internationale de S\u00e9miotique Juridique, 2020, 33:3, pp 749-770. Let\u00f6lthet\u0151 <a href=\"https:\/\/fuglinszky.com\/wp-content\/uploads\/2020\/10\/Fuglinszky-Somssich2020_Article_Language-boundTermsTerm-boundL.pdf\" target=\"_blank\" rel=\"noopener noreferrer\">itt<\/a><\/span><\/p>\n<hr \/>\n<p>20. \u00c1d\u00e1m Fuglinszky<br \/>\n<strong>Legal Transplants: Snapshots of the State of the Art and a Case Study from Central Europe \u2013 Post Transplantation-adjustment of Contractual Liability in the New Hungarian Civil Code<\/strong><br \/>\n<span class=\"journal-title\">European Review of Contract Law (ERCL), 2020,<\/span> <span class=\"journal-volume\">16<\/span>:<span class=\"journal-issue\">2,<\/span> <span class=\"page\">pp. 267-299. Download <a href=\"https:\/\/fuglinszky.com\/wp-content\/uploads\/2023\/02\/Fuglinszky_ERCL_Legal-Transplants.pdf\">here.<\/a><\/span><\/p>\n<hr \/>\n<p>21. \u00c1d\u00e1m Fuglinszky<br \/>\n<strong>The Impacts of the Liberalisation of the Railway Sector in Europe on the Civil Liability of Railway Companies \u2013 Intersections of Intersections<\/strong><br \/>\n<span class=\"journal-title\">Transportrecht, 2020,<\/span> <span class=\"journal-volume\">43<\/span> : <span class=\"journal-issue\">7\/8,<\/span> <span class=\"page\">pp. 322-344.<\/span><\/p>\n<hr \/>\n<p><span class=\"page\">22. \u00c1d\u00e1m Fuglinszky<br \/>\n<strong>The Immanent Tensions of 'Compensation' of Loss of Life - a Multidimensional Model and Some Global Thoughts Based on the Recent Legislative Reform in Hungary<\/strong><br \/>\nJournal of European Tort Law (JETL), 2022, 13:3, pp. 302-334. Download\u00a0<a href=\"https:\/\/fuglinszky.com\/wp-content\/uploads\/2023\/02\/10.1515_jetl-2022-0015.pdf\" target=\"_blank\" rel=\"noopener\">here.<\/a> <\/span><\/p>","protected":false},"excerpt":{"rendered":"<p>1. Fuglinszky \u00c1d\u00e1m: A kezess\u00e9g jogint\u00e9zm\u00e9nye a h\u00e1zal\u00f3 kereskedelem, illetve a fogyaszt\u00f3i k\u00f6lcs\u00f6n szemsz\u00f6g\u00e9b\u0151l a vonatkoz\u00f3 EU ir\u00e1nyelvek \u00e9s a n\u00e9met jog t\u00fckr\u00e9ben (Suretyship from the Perspective of Doorstep Selling and\u00a0Consumer Loans in the Light of the Relevant EU Directives and German Law) Polg\u00e1ri jogi kodifik\u00e1ci\u00f3 2000\/4, pp. 32.-34. (Download the whole issue\u00a0here.) 2. Fuglinszky <a class=\"read-more\" href=\"https:\/\/fuglinszky.com\/en\/publikaciok\/tanulmanyok\/\">...continue reading <span class=\"meta-nav\">&rarr;<\/span><\/a><\/p>\n","protected":false},"author":1,"featured_media":0,"parent":16,"menu_order":0,"comment_status":"closed","ping_status":"closed","template":"","meta":{"footnotes":""},"class_list":["post-38","page","type-page","status-publish","hentry"],"yoast_head":"<!-- This site is optimized with the Yoast SEO plugin v26.8 - https:\/\/yoast.com\/product\/yoast-seo-wordpress\/ -->\n<title>Journal articles - fuglinszky.com<\/title>\n<meta name=\"robots\" content=\"index, follow, max-snippet:-1, max-image-preview:large, max-video-preview:-1\" \/>\n<link rel=\"canonical\" href=\"https:\/\/fuglinszky.com\/publikaciok\/tanulmanyok\/\" \/>\n<meta property=\"og:locale\" content=\"en_US\" \/>\n<meta property=\"og:type\" content=\"article\" \/>\n<meta property=\"og:title\" content=\"[:hu]Tanulm\u00e1nyok foly\u00f3iratokban[:en]Journal articles[:de]Aufs\u00e4tze In Zeitschriften[:] - fuglinszky.com\" \/>\n<meta property=\"og:description\" content=\"1. Fuglinszky \u00c1d\u00e1m: A kezess\u00e9g jogint\u00e9zm\u00e9nye a h\u00e1zal\u00f3 kereskedelem, illetve a fogyaszt\u00f3i k\u00f6lcs\u00f6n szemsz\u00f6g\u00e9b\u0151l a vonatkoz\u00f3 EU ir\u00e1nyelvek \u00e9s a n\u00e9met jog t\u00fckr\u00e9ben (Suretyship from the Perspective of Doorstep Selling and\u00a0Consumer Loans in the Light of the Relevant EU Directives and German Law) Polg\u00e1ri jogi kodifik\u00e1ci\u00f3 2000\/4, pp. 32.-34. (Download the whole issue\u00a0here.) 2. Fuglinszky ...continue reading &rarr;\" \/>\n<meta property=\"og:url\" content=\"https:\/\/fuglinszky.com\/publikaciok\/tanulmanyok\/\" \/>\n<meta property=\"og:site_name\" content=\"fuglinszky.com\" \/>\n<meta property=\"article:modified_time\" content=\"2023-02-17T10:45:16+00:00\" \/>\n<meta name=\"twitter:card\" content=\"summary_large_image\" \/>\n<meta name=\"twitter:label1\" content=\"Est. reading time\" \/>\n\t<meta name=\"twitter:data1\" content=\"5 minutes\" \/>\n<script type=\"application\/ld+json\" class=\"yoast-schema-graph\">{\"@context\":\"https:\/\/schema.org\",\"@graph\":[{\"@type\":\"WebPage\",\"@id\":\"https:\/\/fuglinszky.com\/publikaciok\/tanulmanyok\/\",\"url\":\"https:\/\/fuglinszky.com\/publikaciok\/tanulmanyok\/\",\"name\":\"[:hu]Tanulm\u00e1nyok foly\u00f3iratokban[:en]Journal articles[:de]Aufs\u00e4tze In Zeitschriften[:] - fuglinszky.com\",\"isPartOf\":{\"@id\":\"https:\/\/fuglinszky.com\/#website\"},\"datePublished\":\"2016-12-23T19:44:14+00:00\",\"dateModified\":\"2023-02-17T10:45:16+00:00\",\"breadcrumb\":{\"@id\":\"https:\/\/fuglinszky.com\/publikaciok\/tanulmanyok\/#breadcrumb\"},\"inLanguage\":\"en-US\",\"potentialAction\":[{\"@type\":\"ReadAction\",\"target\":[\"https:\/\/fuglinszky.com\/publikaciok\/tanulmanyok\/\"]}]},{\"@type\":\"BreadcrumbList\",\"@id\":\"https:\/\/fuglinszky.com\/publikaciok\/tanulmanyok\/#breadcrumb\",\"itemListElement\":[{\"@type\":\"ListItem\",\"position\":1,\"name\":\"Home\",\"item\":\"https:\/\/fuglinszky.com\/\"},{\"@type\":\"ListItem\",\"position\":2,\"name\":\"Publications\",\"item\":\"https:\/\/fuglinszky.com\/en\/publikaciok\/\"},{\"@type\":\"ListItem\",\"position\":3,\"name\":\"Tanulm\u00e1nyok foly\u00f3iratokban\"}]},{\"@type\":\"WebSite\",\"@id\":\"https:\/\/fuglinszky.com\/#website\",\"url\":\"https:\/\/fuglinszky.com\/\",\"name\":\"fuglinszky.com\",\"description\":\"\",\"publisher\":{\"@id\":\"https:\/\/fuglinszky.com\/#\/schema\/person\/6e7d03d070e6249b7b5e86f6ba7e2e1c\"},\"potentialAction\":[{\"@type\":\"SearchAction\",\"target\":{\"@type\":\"EntryPoint\",\"urlTemplate\":\"https:\/\/fuglinszky.com\/?s={search_term_string}\"},\"query-input\":{\"@type\":\"PropertyValueSpecification\",\"valueRequired\":true,\"valueName\":\"search_term_string\"}}],\"inLanguage\":\"en-US\"},{\"@type\":[\"Person\",\"Organization\"],\"@id\":\"https:\/\/fuglinszky.com\/#\/schema\/person\/6e7d03d070e6249b7b5e86f6ba7e2e1c\",\"name\":\"fuglinszky\",\"image\":{\"@type\":\"ImageObject\",\"inLanguage\":\"en-US\",\"@id\":\"https:\/\/fuglinszky.com\/#\/schema\/person\/image\/\",\"url\":\"https:\/\/secure.gravatar.com\/avatar\/93e75cc1c5dcdf3f74ca2616e61579d1?s=96&d=mm&r=g\",\"contentUrl\":\"https:\/\/secure.gravatar.com\/avatar\/93e75cc1c5dcdf3f74ca2616e61579d1?s=96&d=mm&r=g\",\"caption\":\"fuglinszky\"},\"logo\":{\"@id\":\"https:\/\/fuglinszky.com\/#\/schema\/person\/image\/\"}}]}<\/script>\n<!-- \/ Yoast SEO plugin. -->","yoast_head_json":{"title":"[:hu]Tanulm\u00e1nyok foly\u00f3iratokban[:en]Journal articles[:de]Aufs\u00e4tze In Zeitschriften[:] - fuglinszky.com","robots":{"index":"index","follow":"follow","max-snippet":"max-snippet:-1","max-image-preview":"max-image-preview:large","max-video-preview":"max-video-preview:-1"},"canonical":"https:\/\/fuglinszky.com\/publikaciok\/tanulmanyok\/","og_locale":"en_US","og_type":"article","og_title":"[:hu]Tanulm\u00e1nyok foly\u00f3iratokban[:en]Journal articles[:de]Aufs\u00e4tze In Zeitschriften[:] - fuglinszky.com","og_description":"1. Fuglinszky \u00c1d\u00e1m: A kezess\u00e9g jogint\u00e9zm\u00e9nye a h\u00e1zal\u00f3 kereskedelem, illetve a fogyaszt\u00f3i k\u00f6lcs\u00f6n szemsz\u00f6g\u00e9b\u0151l a vonatkoz\u00f3 EU ir\u00e1nyelvek \u00e9s a n\u00e9met jog t\u00fckr\u00e9ben (Suretyship from the Perspective of Doorstep Selling and\u00a0Consumer Loans in the Light of the Relevant EU Directives and German Law) Polg\u00e1ri jogi kodifik\u00e1ci\u00f3 2000\/4, pp. 32.-34. (Download the whole issue\u00a0here.) 2. Fuglinszky ...continue reading &rarr;","og_url":"https:\/\/fuglinszky.com\/publikaciok\/tanulmanyok\/","og_site_name":"fuglinszky.com","article_modified_time":"2023-02-17T10:45:16+00:00","twitter_card":"summary_large_image","twitter_misc":{"Est. reading time":"5 minutes"},"schema":{"@context":"https:\/\/schema.org","@graph":[{"@type":"WebPage","@id":"https:\/\/fuglinszky.com\/publikaciok\/tanulmanyok\/","url":"https:\/\/fuglinszky.com\/publikaciok\/tanulmanyok\/","name":"[:hu]Tanulm\u00e1nyok foly\u00f3iratokban[:en]Journal articles[:de]Aufs\u00e4tze In Zeitschriften[:] - fuglinszky.com","isPartOf":{"@id":"https:\/\/fuglinszky.com\/#website"},"datePublished":"2016-12-23T19:44:14+00:00","dateModified":"2023-02-17T10:45:16+00:00","breadcrumb":{"@id":"https:\/\/fuglinszky.com\/publikaciok\/tanulmanyok\/#breadcrumb"},"inLanguage":"en-US","potentialAction":[{"@type":"ReadAction","target":["https:\/\/fuglinszky.com\/publikaciok\/tanulmanyok\/"]}]},{"@type":"BreadcrumbList","@id":"https:\/\/fuglinszky.com\/publikaciok\/tanulmanyok\/#breadcrumb","itemListElement":[{"@type":"ListItem","position":1,"name":"Home","item":"https:\/\/fuglinszky.com\/"},{"@type":"ListItem","position":2,"name":"Publications","item":"https:\/\/fuglinszky.com\/en\/publikaciok\/"},{"@type":"ListItem","position":3,"name":"Tanulm\u00e1nyok foly\u00f3iratokban"}]},{"@type":"WebSite","@id":"https:\/\/fuglinszky.com\/#website","url":"https:\/\/fuglinszky.com\/","name":"fuglinszky.com","description":"","publisher":{"@id":"https:\/\/fuglinszky.com\/#\/schema\/person\/6e7d03d070e6249b7b5e86f6ba7e2e1c"},"potentialAction":[{"@type":"SearchAction","target":{"@type":"EntryPoint","urlTemplate":"https:\/\/fuglinszky.com\/?s={search_term_string}"},"query-input":{"@type":"PropertyValueSpecification","valueRequired":true,"valueName":"search_term_string"}}],"inLanguage":"en-US"},{"@type":["Person","Organization"],"@id":"https:\/\/fuglinszky.com\/#\/schema\/person\/6e7d03d070e6249b7b5e86f6ba7e2e1c","name":"fuglinszky","image":{"@type":"ImageObject","inLanguage":"en-US","@id":"https:\/\/fuglinszky.com\/#\/schema\/person\/image\/","url":"https:\/\/secure.gravatar.com\/avatar\/93e75cc1c5dcdf3f74ca2616e61579d1?s=96&d=mm&r=g","contentUrl":"https:\/\/secure.gravatar.com\/avatar\/93e75cc1c5dcdf3f74ca2616e61579d1?s=96&d=mm&r=g","caption":"fuglinszky"},"logo":{"@id":"https:\/\/fuglinszky.com\/#\/schema\/person\/image\/"}}]}},"_links":{"self":[{"href":"https:\/\/fuglinszky.com\/en\/wp-json\/wp\/v2\/pages\/38","targetHints":{"allow":["GET"]}}],"collection":[{"href":"https:\/\/fuglinszky.com\/en\/wp-json\/wp\/v2\/pages"}],"about":[{"href":"https:\/\/fuglinszky.com\/en\/wp-json\/wp\/v2\/types\/page"}],"author":[{"embeddable":true,"href":"https:\/\/fuglinszky.com\/en\/wp-json\/wp\/v2\/users\/1"}],"replies":[{"embeddable":true,"href":"https:\/\/fuglinszky.com\/en\/wp-json\/wp\/v2\/comments?post=38"}],"version-history":[{"count":31,"href":"https:\/\/fuglinszky.com\/en\/wp-json\/wp\/v2\/pages\/38\/revisions"}],"predecessor-version":[{"id":889,"href":"https:\/\/fuglinszky.com\/en\/wp-json\/wp\/v2\/pages\/38\/revisions\/889"}],"up":[{"embeddable":true,"href":"https:\/\/fuglinszky.com\/en\/wp-json\/wp\/v2\/pages\/16"}],"wp:attachment":[{"href":"https:\/\/fuglinszky.com\/en\/wp-json\/wp\/v2\/media?parent=38"}],"curies":[{"name":"wp","href":"https:\/\/api.w.org\/{rel}","templated":true}]}}