{"id":69,"date":"2017-01-01T16:12:07","date_gmt":"2017-01-01T16:12:07","guid":{"rendered":"http:\/\/fuglinszky.com\/?page_id=69"},"modified":"2024-08-01T08:03:57","modified_gmt":"2024-08-01T06:03:57","slug":"tanulmanyok-szerkesztett-muvekben","status":"publish","type":"page","link":"https:\/\/fuglinszky.com\/en\/publikaciok\/tanulmanyok-szerkesztett-muvekben\/","title":{"rendered":"Contributions to and chapters in edited volumes"},"content":{"rendered":"<p><\/p>\n<ol>\n<li>Fuglinszky \u00c1d\u00e1m:<br \/>\n<strong>A franchise szerz\u0151d\u00e9s helye a szerz\u0151d\u00e9si rendszerben. \u201eMeg\u00e9rett-e\u201d a kodifik\u00e1ci\u00f3ra a franchise (The Place of Franchise Contracts in the System of Contracts - Ripe for Codification?)<\/strong><br \/>\nin Bodz\u00e1si Bal\u00e1zs (szerk), A polg\u00e1ri jogi tudom\u00e1nyos di\u00e1kk\u00f6r \u00e9vk\u00f6nyve 1999-2000 tan\u00e9v, ELTE \u00c1JK, Budapest, 2001, pp. 81.-103.<br \/>\nDownoald\u00a0<a href=\"http:\/\/fuglinszky.com\/wp-content\/uploads\/2017\/01\/Fuglinszky-\u00c1.-2001-A-franchise-szerz\u0151d\u00e9s-helye-a-szerz\u0151d\u00e9si-rendszer....pdf\" target=\"_blank\" rel=\"noopener noreferrer\">here.<\/a><\/li>\n<\/ol>\n<hr \/>\n<ol start=\"2\">\n<li>Fuglinszky \u00c1d\u00e1m:<br \/>\n<strong>Az elektronikus kereskedelem egyes fogyaszt\u00f3v\u00e9delmi k\u00e9rd\u00e9sei a n\u00e9met \u00e9s a magyar jogban (Some Consumer-protection Related Questions of E-Commerce in German and Hungarian Law)<\/strong><br \/>\nin: Harmathy Attila (szerk.), Jogi tanulm\u00e1nyok 2000, ELTE \u00c1JK, Budapest, 2001, pp. 29.-77.<br \/>\nDownload\u00a0<a href=\"http:\/\/fuglinszky.com\/wp-content\/uploads\/2017\/01\/FIN_\u00c1D\u00c1M_JT_2000.pdf\" target=\"_blank\" rel=\"noopener noreferrer\">here.<\/a><\/p>\n<hr \/>\n<\/li>\n<\/ol>\n<ol start=\"3\">\n<li>Fuglinszky \u00c1d\u00e1m:<br \/>\n<strong>A saj\u00e1t r\u00e9szv\u00e9nyek megszerz\u00e9s\u00e9nek \u00e1ltal\u00e1nos k\u00e9rd\u00e9sei \u00e9s szab\u00e1lyoz\u00e1sa a magyar t\u00e1rsas\u00e1gi jogban tekintettel a jogharmoniz\u00e1ci\u00f3s elv\u00e1r\u00e1sokra \u00e9s a moderniz\u00e1ci\u00f3s ig\u00e9nyekre (General Questions on and Regulation of Own Share's Acquisition in Hungarian Company Law with regard to Modernization Demands and European Law Harmonization)<br \/>\n<\/strong>in Harmathy Attila (szerk.), Jogi tanulm\u00e1nyok 2002, ELTE \u00c1JK, Budapest, 2003, pp. 95.-160.<br \/>\nDownload\u00a0<a href=\"http:\/\/fuglinszky.com\/wp-content\/uploads\/2017\/01\/FIN_\u00c1D\u00c1M_JT_2002.pdf\" target=\"_blank\" rel=\"noopener noreferrer\">here.<\/a><\/p>\n<hr \/>\n<\/li>\n<\/ol>\n<ol start=\"4\">\n<li>Fuglinszky \u00c1d\u00e1m:<br \/>\n<strong>A hib\u00e1s teljes\u00edt\u00e9ssel okozott k\u00f6vetkezm\u00e9nyk\u00e1rok\u00e9rt val\u00f3 felel\u0151ss\u00e9g kiz\u00e1r\u00e1sa \u00e9s korl\u00e1toz\u00e1sa \u2013 elemz\u00e9s a n\u00e9met \u00e9s a magyar mag\u00e1njog alapj\u00e1n<br \/>\n(Exclusion and Limitation of Liability for Consequential Losses Caused by Breach of Contract - Analysis on the German and Hungarian Private Law)<\/strong><br \/>\nin Kisfaludi Andr\u00e1s (szerk.), Liber amicorum, studia A. Harmathy dedicata, \u00dcnnepi dolgozatok Harmathy Attila tisztelet\u00e9re, ELTE \u00c1JK, Budapest, Polg\u00e1ri Jogi Tansz\u00e9k, 2003, pp. 119.-160. - Download \u00a0<a href=\"http:\/\/fuglinszky.com\/wp-content\/uploads\/2017\/01\/Fuglinszky-\u00c1.-2003-A-hib\u00e1s-teljes\u00edt\u00e9sb\u0151l-ered\u0151-k\u00f6vetkezm\u00e9nyk\u00e1rok\u00e9rt-....pdf\" target=\"_blank\" rel=\"noopener noreferrer\">here.<\/a><\/p>\n<hr \/>\n<p>5. Fuglinszky \u00c1d\u00e1m:<br \/>\n<strong>A teljes k\u00e1rt\u00e9r\u00edt\u00e9s elve, kritik\u00e1ja \u00e9s korl\u00e1tai<br \/>\n<\/strong><strong>(The Principle of Total Compensation - Criticism and Limits)<\/strong><br \/>\nin: Kisfaludi Andr\u00e1s (szerk.), Liber amicorum, \u00dcnnepi el\u0151ad\u00e1sok \u00e9s tanulm\u00e1nyok Harmathy Attila tisztelet\u00e9re, ELTE \u00c1JK Polg\u00e1ri Jogi Tansz\u00e9k, Budapest, 2007, pp. 201.-218. - Download\u00a0<a href=\"http:\/\/fuglinszky.com\/wp-content\/uploads\/2017\/01\/Fuglinszky-\u00c1.-2007-A-teljes-k\u00e1rt\u00e9r\u00edt\u00e9s-elve-kritik\u00e1ja-\u00e9s-korl\u00e1tai.pdf\" target=\"_blank\" rel=\"noopener noreferrer\">here.<\/a><\/p>\n<hr \/>\n<\/li>\n<\/ol>\n<ol start=\"6\">\n<li>Fuglinszky \u00c1d\u00e1m:<br \/>\n<strong>Megy-e k\u00e1rt\u00e9r\u00edt\u00e9si jogunk az el\u0151rel\u00e1that\u00f3s\u00e1gi klauzula \u00e1ltal el\u00e9bb?<br \/>\nFelr\u00f3hat\u00f3s\u00e1g, adekv\u00e1t kauzalit\u00e1s \u00e9s el\u0151rel\u00e1that\u00f3s\u00e1g a szerz\u0151d\u00e9sszeg\u00e9ssel okozott k\u00f6vetkezm\u00e9nyk\u00e1rok kezel\u00e9s\u00e9ben<br \/>\n(Does our Law of Damages go forward by the Foreseeability Clause? Fault, Adequate Cause and Foreseeability in Handling the Losses Caused by Breach of Contracts)<\/strong><br \/>\nin G\u00f6r\u00f6g M\u00e1rta (szerk.), Acta Conventus de Iure Civili Tomus VII, Lectum Kiad\u00f3, Szeged, 2007, pp. 225.-261. - Download\u00a0<a href=\"http:\/\/fuglinszky.com\/wp-content\/uploads\/2017\/01\/Fuglinszky-\u00c1.-2007-Megy-e-k\u00e1rt\u00e9r\u00edt\u00e9si-jogunk-az-el\u0151rel\u00e1that\u00f3s\u00e1gi-kla....pdf\" target=\"_blank\" rel=\"noopener noreferrer\">here.<\/a><\/p>\n<hr \/>\n<p>7. Fuglinszky \u00c1d\u00e1m:<br \/>\n<strong>Az eur\u00f3pai k\u00e1rt\u00e9r\u00edt\u00e9si jog egyes jogfiloz\u00f3fiai \u00e9s jogpolitikai alapk\u00e9rd\u00e9sei<br \/>\n<\/strong><strong>(Some Fundamental Questions of the European Law of Damages from the Perspective of Legal Theory and Policy)<\/strong><br \/>\nin Paksy M\u00e1t\u00e9 (szerk.): Eur\u00f3pai jog \u00e9s jogfiloz\u00f3fia: Konferenciatanulm\u00e1nyok az eur\u00f3pai integr\u00e1ci\u00f3 \u00f6tvenedik \u00e9vfordul\u00f3j\u00e1nak \u00fcnnep\u00e9re, Szent Istv\u00e1n T\u00e1rsulat, Budapest, 2008. pp. 201-241.<br \/>\nCf. the Publisher's website\u00a0<a href=\"http:\/\/szitkonyvek.hu\/termek\/781\" target=\"_blank\" rel=\"noopener noreferrer\">here.<\/a>.<\/p>\n<hr \/>\n<p>8. Fuglinszky \u00c1d\u00e1m:<br \/>\n<strong>L\u00e9tezik-e osztott okozatoss\u00e1g, avagy a k\u00e1rmegoszt\u00e1s \u00faj \u00fatjair\u00f3l\u00a0(Is there such as Divided Causal Connection, or on the New Ways of Apportionment of Damages)<br \/>\n<\/strong>in: Kisfaludi Andr\u00e1s (szerk.), Liber amicorum, \u00dcnnepi dolgozatok V\u00e9k\u00e1s Lajos tisztelet\u00e9re, ELTE \u00c1JK Polg\u00e1ri Jogi Tansz\u00e9k, Budapest, 2009, pp. 149.-164.<br \/>\nDownload\u00a0<a href=\"http:\/\/fuglinszky.com\/wp-content\/uploads\/2017\/01\/Fuglinszky-\u00c1.-2009-L\u00e9tezik-e-osztott-okozatoss\u00e1g-avagy-a-k\u00e1rmegoszt....pdf\" target=\"_blank\" rel=\"noopener noreferrer\">here.<\/a><\/p>\n<hr \/>\n<p>9. Fuglinszky \u00c1d\u00e1m:<br \/>\n<strong>A versenyjogi jogs\u00e9rt\u00e9sek eset\u00e9n alkalmazhat\u00f3 polg\u00e1ri jogi jogk\u00f6vetkezm\u00e9nyek, <\/strong><br \/>\n<strong>A k\u00e1rt\u00e9r\u00edt\u00e9s mint mag\u00e1njogi szankci\u00f3<br \/>\n<\/strong><strong>(Private Enforcement of Competition Law Infringements - \u00a0Damages as a Private Law Remedy)<\/strong><br \/>\nin: Kisfaludi Andr\u00e1s (szerk.), Versenyjogi jogs\u00e9rt\u00e9sek - mag\u00e1njogi jogk\u00f6vetkezm\u00e9nyek, ELTE E\u00f6tv\u00f6s Kiad\u00f3 Kft., Budapest, 2012. pp. 1-65.<br \/>\nCf. the Publisher's website\u00a0<a href=\"http:\/\/eotvospontok.hu\/versenyjogi-jogsertesek-maganjogi-jogkovetkezmenyek\" target=\"_blank\" rel=\"noopener noreferrer\">here.<\/a><\/p>\n<hr \/>\n<p>10. Fuglinszky \u00c1d\u00e1m:<br \/>\n<strong>Some Structural Questions on the Relationship Between Contractual and Extracontractual Liability in the New Hungarian Civil Code<br \/>\n<\/strong>in: Menyh\u00e1rd Attila - Veress Em\u0151d (szerk.),\u00a0New Civil Codes in Hungary and Romania, Springer International, 2017, pp. 107.-129.<br \/>\nCf. the Publisher's website\u00a0<a href=\"http:\/\/Fuglinszky \u00c1d\u00e1m: Some Structural Questions on the Relationship Between Contractual and Extracontractual Liability in the New Hungarian Civil Code in: Menyh\u00e1rd Attila - Veress Em\u0151d (szerk.),\u00a0New Civil Codes in Hungary and Romania, Springer International, 2017, pp. 107.-129. Ld. a kiad\u00f3 honlapj\u00e1n\" target=\"_blank\" rel=\"noopener noreferrer\">here.<\/a>.<\/p>\n<hr \/>\n<p>11. Fuglinszky \u00c1d\u00e1m:<strong><br \/>\n\"Meg nem fejtett rejt\u00e9ly. Hogyan t\u00f6rt\u00e9nt, nem tudom.\" - K\u00e9rd\u0151jelek a t\u00f6bbletmunka \u00e9s a p\u00f3tmunka szab\u00e1lyoz\u00e1sa kapcs\u00e1n<br \/>\n(\"Unrevealed Mystery. How did that happen, I don't know\" - Question Marks on the Rules on Additional Work and Supplementary Work in Construction Contracts)<br \/>\n<\/strong>in: Grad-Gyenge Anik\u00f3 - Kabai Eszter - Menyh\u00e1rd Attila (szerk.),\u00a0Liber Amicorum - Studia G. Faludi Dedicata: \u00dcnnepi tanulm\u00e1nyok Faludi G\u00e1bor 65. sz\u00fclet\u00e9snapja tisztelet\u00e9re, ELTE E\u00f6tv\u00f6s Kiad\u00f3, Budapest, 2018, pp. 88.-110.<br \/>\nCf. the whole book\u00a0<a href=\"http:\/\/www.eltereader.hu\/media\/2018\/07\/Faludi-READER.pdf\" target=\"_blank\" rel=\"noopener noreferrer\">here.<\/a><\/li>\n<\/ol>\n<hr \/>\n<p>12. \u00c1d\u00e1m Fuglinszky:<br \/>\n<strong>\"Die Eisenbahnhaftung in Ungarn und die Auswirkungen der Liberalisierung auf die Haftung der Eisenbahngesellschaften\"<br \/>\n<\/strong>in: Helmut Koziol (ed), Die Haftung von Eisenbahnverkehrs- und Insfrastrukturunternehmen im Rechtsvergleich: Deutschland, Frankreich, Italien, \u00d6sterreich, Schweiz, Ungarn,<br \/>\nJan Sramek Verlag, Wien, 2019, pp. 205-268.<br \/>\nSee on the website of the Publisher:\u00a0<a href=\"https:\/\/www.jan-sramek-verlag.at\/Buchdetails.427.0.html?&amp;buchID=332&amp;detailview=Detailinfo&amp;cHash=3f82d61ce7\" target=\"_blank\" rel=\"noopener noreferrer\">here.<\/a><\/p>\n<hr \/>\n<p>13. \u00c1d\u00e1m Fuglinszky:<br \/>\n<strong>\"Extra-contractual Liability (Torts) and Damages\"<br \/>\n<\/strong>In: Harmathy, Attila (ed),\u00a0<span class=\"booktitle\">Introduction to Hungarian Law, Second Edition<br \/>\n<\/span><span class=\"publishedAt\">Kluwer Law International, Alphen aan den Rijn, <span class=\"year\">2019,<\/span>\u00a0<span class=\"page\">pp. 179-205.<br \/>\nSee on the website of the Publisher\u00a0<a href=\"https:\/\/lrus.wolterskluwer.com\/store\/product\/introduction-to-hungarian-law-second-edition\/\" target=\"_blank\" rel=\"noopener noreferrer\">here.<\/a>\u00a0<\/span><\/span><\/p>\n<hr \/>\n<p><span class=\"publishedAt\"><span class=\"page\">14. Fuglinszky \u00c1d\u00e1m:<br \/>\n<strong>A\u00a0<em>non-cumul\u00a0<\/em>mint\u00a0<em>legal irritant?\u00a0<\/em>(The Non-cumul Principle as a Legal Irritant?)<br \/>\n<\/strong>In: Lamm Vanda - Saj\u00f3 Andr\u00e1s (eds), Studia in honorem Lajos V\u00e9k\u00e1s, HVGORAC, Budapest, 2019, pp 106-115. See on the Publisher's homepage\u00a0<a href=\"https:\/\/hvgorac.hu\/Studia_in_honorem_Lajos_Vekas\" target=\"_blank\" rel=\"noopener noreferrer\">here.<\/a>\u00a0Download the text <a href=\"https:\/\/fuglinszky.com\/wp-content\/uploads\/2019\/12\/Fuglinszky106_115o_V\u00e9k\u00e1s_80.pdf\" target=\"_blank\" rel=\"noopener noreferrer\">here.<\/a><\/span><\/span><\/p>\n<hr \/>\n<p><span class=\"publishedAt\"><span class=\"page\">15. \u00c1d\u00e1m Fuglinszky:<br \/>\n<strong>Precontractual Liability in the Civil Law<em><br \/>\n<\/em><\/strong>In:\u00a0<span lang=\"HU\">Larry, DiMatteo; Andr\u00e9, Janssen; Ulrich, Magnus; Reiner, Schulze\u00a0<\/span><span style=\"font-size: 1rem;\">(eds.), International Sales Law - a Handbook, 2nd ed., Beck - Hart - Nomos, Baden-Baden - Oxford, 2021, pp 39-113.<br \/>\nSee flyer\u00a0<a href=\"https:\/\/fuglinszky.com\/wp-content\/uploads\/2021\/10\/FLYER_DiMatteo_7801-0_E_neu.pdf\" target=\"_blank\" rel=\"noopener\">here,<\/a>\u00a0and the TOC <a href=\"https:\/\/fuglinszky.com\/wp-content\/uploads\/2021\/10\/Sales-Law-TOC-2021.pdf\" target=\"_blank\" rel=\"noopener\">here.<\/a><\/span><\/span><\/span><\/p>\n<hr \/>\n<p><span class=\"publishedAt\"><span class=\"page\"><span style=\"font-size: 1rem;\">16. Fuglinszky \u00c1d\u00e1m:<br \/>\n<strong>A koronavi\u0301rus-ja\u0301rva\u0301ny hata\u0301sai a kontraktua\u0301lis felelo\u030bsse\u0301gre (The Impact of the Covid-Pandemic on Contractual Liability)<br \/>\n<\/strong>In: G\u00e1rdos-Orosz Fruzsina - L\u0151rincz Viktor Oliv\u00e9r (eds.): JOGI DIAGN\u00d3ZISOK II. -\u00a0A COVID\u201319-vila\u0301gja\u0301rva\u0301ny hata\u0301sai a jogrendszerre, TK-JTI - l'Harmattan, Budapest, 2022, pp 15-72.<br \/>\nThe text (in Hungarian) is available\u00a0<a href=\"https:\/\/fuglinszky.com\/wp-content\/uploads\/2022\/05\/Covid_kotet_Fuglinszky_kontraktualis_felelosseg.pdf\" target=\"_blank\" rel=\"noopener\">here.<\/a><\/span><\/span><\/span><\/p>\n<hr \/>\n<p><span class=\"publishedAt\"><span class=\"page\">17. \u00c1d\u00e1m Fuglinszky:<br \/>\n<strong>Hungary <\/strong><br \/>\nIn: Reiner, Schulze; Alberto, De Franceschi (Eds.): Harmonizing Digital Contract<br \/>\nLaw - The Impact of EU Directives 2019\/770 and 2019\/771 and the Regulation of Online Platforms; Baden-Baden, N\u00e9metorsz\u00e1g: Hart\/Nomos (2023) pp. 331-369., 38 p\u00a0<a href=\"https:\/\/www.nomos-shop.de\/en\/nomos\/title\/harmonizing-digital-contract-law-id-114693\/\" target=\"_blank\" rel=\"noopener\">Check out the website of the publisher<\/a><\/span><\/span><\/p>\n<hr \/>\n<p>18. Fuglinszky \u00c1d\u00e1m:<br \/>\n<strong>Sz\u00fcks\u00e9g van szerz\u0151d\u00e9sszeg\u00e9sre a kontraktu\u00e1lis felel\u0151ss\u00e9g meg\u00e1llap\u00edt\u00e1s\u00e1hoz? (Do we Need a Breach of Contract to Establish Contractual Liability?)<\/strong><br \/>\nIn: T\u0151key, Bal\u00e1zs (Ed.): Liber Amicorum - \u00dcnnepi tanulm\u00e1nyok Kisfaludi Andr\u00e1s 65. sz\u00fclet\u00e9snapj\u00e1ra; Budapest, Magyarorsz\u00e1g: Wolters Kluwer (2023) pp. 268-288., 21 p.<br \/>\n<a href=\"https:\/\/fuglinszky.com\/wp-content\/uploads\/2024\/08\/Kisfa-kotet-Fuglinszky.pdf\" target=\"_blank\" rel=\"noopener\">Download here<\/a><\/p>\n<hr \/>\n<p>&nbsp;<\/p>","protected":false},"excerpt":{"rendered":"<p>Fuglinszky \u00c1d\u00e1m: A franchise szerz\u0151d\u00e9s helye a szerz\u0151d\u00e9si rendszerben. \u201eMeg\u00e9rett-e\u201d a kodifik\u00e1ci\u00f3ra a franchise (The Place of Franchise Contracts in the System of Contracts - Ripe for Codification?) in Bodz\u00e1si Bal\u00e1zs (szerk), A polg\u00e1ri jogi tudom\u00e1nyos di\u00e1kk\u00f6r \u00e9vk\u00f6nyve 1999-2000 tan\u00e9v, ELTE \u00c1JK, Budapest, 2001, pp. 81.-103. Downoald\u00a0here. Fuglinszky \u00c1d\u00e1m: Az elektronikus kereskedelem egyes fogyaszt\u00f3v\u00e9delmi k\u00e9rd\u00e9sei <a class=\"read-more\" href=\"https:\/\/fuglinszky.com\/en\/publikaciok\/tanulmanyok-szerkesztett-muvekben\/\">...continue reading <span class=\"meta-nav\">&rarr;<\/span><\/a><\/p>\n","protected":false},"author":1,"featured_media":0,"parent":16,"menu_order":0,"comment_status":"closed","ping_status":"closed","template":"","meta":{"footnotes":""},"class_list":["post-69","page","type-page","status-publish","hentry"],"yoast_head":"<!-- This site is optimized with the Yoast SEO plugin v26.8 - https:\/\/yoast.com\/product\/yoast-seo-wordpress\/ -->\n<title>Contributions to and chapters in edited volumes - fuglinszky.com<\/title>\n<meta name=\"robots\" content=\"index, follow, max-snippet:-1, max-image-preview:large, max-video-preview:-1\" \/>\n<link rel=\"canonical\" href=\"https:\/\/fuglinszky.com\/publikaciok\/tanulmanyok-szerkesztett-muvekben\/\" \/>\n<meta property=\"og:locale\" content=\"en_US\" \/>\n<meta property=\"og:type\" content=\"article\" \/>\n<meta property=\"og:title\" content=\"[:hu]Tanulm\u00e1nyok \u00e9s fejezetek szerkesztett m\u0171vekben[:en]Contributions to and chapters in edited volumes[:de]Beitr\u00e4ge in Sammelwerken[:] - fuglinszky.com\" \/>\n<meta property=\"og:description\" content=\"Fuglinszky \u00c1d\u00e1m: A franchise szerz\u0151d\u00e9s helye a szerz\u0151d\u00e9si rendszerben. \u201eMeg\u00e9rett-e\u201d a kodifik\u00e1ci\u00f3ra a franchise (The Place of Franchise Contracts in the System of Contracts - Ripe for Codification?) in Bodz\u00e1si Bal\u00e1zs (szerk), A polg\u00e1ri jogi tudom\u00e1nyos di\u00e1kk\u00f6r \u00e9vk\u00f6nyve 1999-2000 tan\u00e9v, ELTE \u00c1JK, Budapest, 2001, pp. 81.-103. Downoald\u00a0here. Fuglinszky \u00c1d\u00e1m: Az elektronikus kereskedelem egyes fogyaszt\u00f3v\u00e9delmi k\u00e9rd\u00e9sei ...continue reading &rarr;\" \/>\n<meta property=\"og:url\" content=\"https:\/\/fuglinszky.com\/publikaciok\/tanulmanyok-szerkesztett-muvekben\/\" \/>\n<meta property=\"og:site_name\" content=\"fuglinszky.com\" \/>\n<meta property=\"article:modified_time\" content=\"2024-08-01T06:03:57+00:00\" \/>\n<meta name=\"twitter:card\" content=\"summary_large_image\" \/>\n<meta name=\"twitter:label1\" content=\"Est. reading time\" \/>\n\t<meta name=\"twitter:data1\" content=\"4 minutes\" \/>\n<script type=\"application\/ld+json\" class=\"yoast-schema-graph\">{\"@context\":\"https:\/\/schema.org\",\"@graph\":[{\"@type\":\"WebPage\",\"@id\":\"https:\/\/fuglinszky.com\/publikaciok\/tanulmanyok-szerkesztett-muvekben\/\",\"url\":\"https:\/\/fuglinszky.com\/publikaciok\/tanulmanyok-szerkesztett-muvekben\/\",\"name\":\"[:hu]Tanulm\u00e1nyok \u00e9s fejezetek szerkesztett m\u0171vekben[:en]Contributions to and chapters in edited volumes[:de]Beitr\u00e4ge in Sammelwerken[:] - fuglinszky.com\",\"isPartOf\":{\"@id\":\"https:\/\/fuglinszky.com\/#website\"},\"datePublished\":\"2017-01-01T16:12:07+00:00\",\"dateModified\":\"2024-08-01T06:03:57+00:00\",\"breadcrumb\":{\"@id\":\"https:\/\/fuglinszky.com\/publikaciok\/tanulmanyok-szerkesztett-muvekben\/#breadcrumb\"},\"inLanguage\":\"en-US\",\"potentialAction\":[{\"@type\":\"ReadAction\",\"target\":[\"https:\/\/fuglinszky.com\/publikaciok\/tanulmanyok-szerkesztett-muvekben\/\"]}]},{\"@type\":\"BreadcrumbList\",\"@id\":\"https:\/\/fuglinszky.com\/publikaciok\/tanulmanyok-szerkesztett-muvekben\/#breadcrumb\",\"itemListElement\":[{\"@type\":\"ListItem\",\"position\":1,\"name\":\"Home\",\"item\":\"https:\/\/fuglinszky.com\/\"},{\"@type\":\"ListItem\",\"position\":2,\"name\":\"Publications\",\"item\":\"https:\/\/fuglinszky.com\/en\/publikaciok\/\"},{\"@type\":\"ListItem\",\"position\":3,\"name\":\"Tanulm\u00e1nyok \u00e9s fejezetek szerkesztett m\u0171vekben\"}]},{\"@type\":\"WebSite\",\"@id\":\"https:\/\/fuglinszky.com\/#website\",\"url\":\"https:\/\/fuglinszky.com\/\",\"name\":\"fuglinszky.com\",\"description\":\"\",\"publisher\":{\"@id\":\"https:\/\/fuglinszky.com\/#\/schema\/person\/6e7d03d070e6249b7b5e86f6ba7e2e1c\"},\"potentialAction\":[{\"@type\":\"SearchAction\",\"target\":{\"@type\":\"EntryPoint\",\"urlTemplate\":\"https:\/\/fuglinszky.com\/?s={search_term_string}\"},\"query-input\":{\"@type\":\"PropertyValueSpecification\",\"valueRequired\":true,\"valueName\":\"search_term_string\"}}],\"inLanguage\":\"en-US\"},{\"@type\":[\"Person\",\"Organization\"],\"@id\":\"https:\/\/fuglinszky.com\/#\/schema\/person\/6e7d03d070e6249b7b5e86f6ba7e2e1c\",\"name\":\"fuglinszky\",\"image\":{\"@type\":\"ImageObject\",\"inLanguage\":\"en-US\",\"@id\":\"https:\/\/fuglinszky.com\/#\/schema\/person\/image\/\",\"url\":\"https:\/\/secure.gravatar.com\/avatar\/93e75cc1c5dcdf3f74ca2616e61579d1?s=96&d=mm&r=g\",\"contentUrl\":\"https:\/\/secure.gravatar.com\/avatar\/93e75cc1c5dcdf3f74ca2616e61579d1?s=96&d=mm&r=g\",\"caption\":\"fuglinszky\"},\"logo\":{\"@id\":\"https:\/\/fuglinszky.com\/#\/schema\/person\/image\/\"}}]}<\/script>\n<!-- \/ Yoast SEO plugin. -->","yoast_head_json":{"title":"[:hu]Tanulm\u00e1nyok \u00e9s fejezetek szerkesztett m\u0171vekben[:en]Contributions to and chapters in edited volumes[:de]Beitr\u00e4ge in Sammelwerken[:] - fuglinszky.com","robots":{"index":"index","follow":"follow","max-snippet":"max-snippet:-1","max-image-preview":"max-image-preview:large","max-video-preview":"max-video-preview:-1"},"canonical":"https:\/\/fuglinszky.com\/publikaciok\/tanulmanyok-szerkesztett-muvekben\/","og_locale":"en_US","og_type":"article","og_title":"[:hu]Tanulm\u00e1nyok \u00e9s fejezetek szerkesztett m\u0171vekben[:en]Contributions to and chapters in edited volumes[:de]Beitr\u00e4ge in Sammelwerken[:] - fuglinszky.com","og_description":"Fuglinszky \u00c1d\u00e1m: A franchise szerz\u0151d\u00e9s helye a szerz\u0151d\u00e9si rendszerben. \u201eMeg\u00e9rett-e\u201d a kodifik\u00e1ci\u00f3ra a franchise (The Place of Franchise Contracts in the System of Contracts - Ripe for Codification?) in Bodz\u00e1si Bal\u00e1zs (szerk), A polg\u00e1ri jogi tudom\u00e1nyos di\u00e1kk\u00f6r \u00e9vk\u00f6nyve 1999-2000 tan\u00e9v, ELTE \u00c1JK, Budapest, 2001, pp. 81.-103. Downoald\u00a0here. Fuglinszky \u00c1d\u00e1m: Az elektronikus kereskedelem egyes fogyaszt\u00f3v\u00e9delmi k\u00e9rd\u00e9sei ...continue reading &rarr;","og_url":"https:\/\/fuglinszky.com\/publikaciok\/tanulmanyok-szerkesztett-muvekben\/","og_site_name":"fuglinszky.com","article_modified_time":"2024-08-01T06:03:57+00:00","twitter_card":"summary_large_image","twitter_misc":{"Est. reading time":"4 minutes"},"schema":{"@context":"https:\/\/schema.org","@graph":[{"@type":"WebPage","@id":"https:\/\/fuglinszky.com\/publikaciok\/tanulmanyok-szerkesztett-muvekben\/","url":"https:\/\/fuglinszky.com\/publikaciok\/tanulmanyok-szerkesztett-muvekben\/","name":"[:hu]Tanulm\u00e1nyok \u00e9s fejezetek szerkesztett m\u0171vekben[:en]Contributions to and chapters in edited volumes[:de]Beitr\u00e4ge in Sammelwerken[:] - fuglinszky.com","isPartOf":{"@id":"https:\/\/fuglinszky.com\/#website"},"datePublished":"2017-01-01T16:12:07+00:00","dateModified":"2024-08-01T06:03:57+00:00","breadcrumb":{"@id":"https:\/\/fuglinszky.com\/publikaciok\/tanulmanyok-szerkesztett-muvekben\/#breadcrumb"},"inLanguage":"en-US","potentialAction":[{"@type":"ReadAction","target":["https:\/\/fuglinszky.com\/publikaciok\/tanulmanyok-szerkesztett-muvekben\/"]}]},{"@type":"BreadcrumbList","@id":"https:\/\/fuglinszky.com\/publikaciok\/tanulmanyok-szerkesztett-muvekben\/#breadcrumb","itemListElement":[{"@type":"ListItem","position":1,"name":"Home","item":"https:\/\/fuglinszky.com\/"},{"@type":"ListItem","position":2,"name":"Publications","item":"https:\/\/fuglinszky.com\/en\/publikaciok\/"},{"@type":"ListItem","position":3,"name":"Tanulm\u00e1nyok \u00e9s fejezetek szerkesztett m\u0171vekben"}]},{"@type":"WebSite","@id":"https:\/\/fuglinszky.com\/#website","url":"https:\/\/fuglinszky.com\/","name":"fuglinszky.com","description":"","publisher":{"@id":"https:\/\/fuglinszky.com\/#\/schema\/person\/6e7d03d070e6249b7b5e86f6ba7e2e1c"},"potentialAction":[{"@type":"SearchAction","target":{"@type":"EntryPoint","urlTemplate":"https:\/\/fuglinszky.com\/?s={search_term_string}"},"query-input":{"@type":"PropertyValueSpecification","valueRequired":true,"valueName":"search_term_string"}}],"inLanguage":"en-US"},{"@type":["Person","Organization"],"@id":"https:\/\/fuglinszky.com\/#\/schema\/person\/6e7d03d070e6249b7b5e86f6ba7e2e1c","name":"fuglinszky","image":{"@type":"ImageObject","inLanguage":"en-US","@id":"https:\/\/fuglinszky.com\/#\/schema\/person\/image\/","url":"https:\/\/secure.gravatar.com\/avatar\/93e75cc1c5dcdf3f74ca2616e61579d1?s=96&d=mm&r=g","contentUrl":"https:\/\/secure.gravatar.com\/avatar\/93e75cc1c5dcdf3f74ca2616e61579d1?s=96&d=mm&r=g","caption":"fuglinszky"},"logo":{"@id":"https:\/\/fuglinszky.com\/#\/schema\/person\/image\/"}}]}},"_links":{"self":[{"href":"https:\/\/fuglinszky.com\/en\/wp-json\/wp\/v2\/pages\/69","targetHints":{"allow":["GET"]}}],"collection":[{"href":"https:\/\/fuglinszky.com\/en\/wp-json\/wp\/v2\/pages"}],"about":[{"href":"https:\/\/fuglinszky.com\/en\/wp-json\/wp\/v2\/types\/page"}],"author":[{"embeddable":true,"href":"https:\/\/fuglinszky.com\/en\/wp-json\/wp\/v2\/users\/1"}],"replies":[{"embeddable":true,"href":"https:\/\/fuglinszky.com\/en\/wp-json\/wp\/v2\/comments?post=69"}],"version-history":[{"count":37,"href":"https:\/\/fuglinszky.com\/en\/wp-json\/wp\/v2\/pages\/69\/revisions"}],"predecessor-version":[{"id":931,"href":"https:\/\/fuglinszky.com\/en\/wp-json\/wp\/v2\/pages\/69\/revisions\/931"}],"up":[{"embeddable":true,"href":"https:\/\/fuglinszky.com\/en\/wp-json\/wp\/v2\/pages\/16"}],"wp:attachment":[{"href":"https:\/\/fuglinszky.com\/en\/wp-json\/wp\/v2\/media?parent=69"}],"curies":[{"name":"wp","href":"https:\/\/api.w.org\/{rel}","templated":true}]}}