{"id":86,"date":"2017-01-01T16:35:17","date_gmt":"2017-01-01T16:35:17","guid":{"rendered":"http:\/\/fuglinszky.com\/?page_id=86"},"modified":"2024-08-01T06:55:09","modified_gmt":"2024-08-01T04:55:09","slug":"szakmai-tovabbkepzes-gyakorlo-jogaszoknak","status":"publish","type":"page","link":"https:\/\/fuglinszky.com\/en\/eloadasok-es-konferenciak\/szakmai-tovabbkepzes-gyakorlo-jogaszoknak\/","title":{"rendered":"Further training for legal practitioners"},"content":{"rendered":"<p><\/p>\n<h4>The new Hungarian Civil Code (Act No. V\/2013)<\/h4>\n<p>The Hungarian Parliament enacted the new Civil Code of Hungary in 2013.\u00a0The new Civil Code (Act No. V\/2013) entered into force on 15th March 2014.\u00a0Since 2013 several courses and trainings are offered and organized by various organizations and companies in order that the lawyers and the society can prepare for the new code.<\/p>\n<h4>\u00c1d\u00e1m Fuglinszky's\u00a0training activity<br \/>\nwith special regard to the new Civil Code of Hungary<\/h4>\n<h5>\u00c1d\u00e1m Fuglinszky has given over 40 times<\/h5>\n<ul>\n<li>lectures (50-450 participants),<\/li>\n<li>workshops\u00a0(8-20 participants)<br \/>\non the new Civil Code of Hungary,<\/li>\n<\/ul>\n<h5>mostly in\u00a0the following subject matters:<\/h5>\n<ul>\n<li>Law of obligations in general<\/li>\n<li>Contract law<\/li>\n<li>Tort law and the law of damages<\/li>\n<li>Breach of contract<\/li>\n<li>Construction contracts<\/li>\n<li>Contracts relevant from the notaries' point of view (loan, suretyship, rent for a flat, \u00a0alimentation contracts, contracts of inheritance, etc.)<\/li>\n<li>Drafting of contracts with regard to the new Civil Code.<\/li>\n<\/ul>\n<h5>Among others the following organizations hired \u00c1d\u00e1m Fuglinszky to give lectures\/workshops on the new Civil Code in the last three years:<\/h5>\n<h6>Judiciary<\/h6>\n<ul>\n<li>Curia of Hungary (the highest court in the country)<\/li>\n<li>National Office for the Judiciary\u00a0- Academy of Justice<\/li>\n<li>Debrecen Regional Court of Appeal (Debreceni \u00cdt\u00e9l\u0151t\u00e1bla)<\/li>\n<li>Budapest-Capital Regional Court (F\u0151v\u00e1rosi T\u00f6rv\u00e9nysz\u00e9k)<\/li>\n<li>Central District Court of Pest (Pesti K\u00f6zponti Ker\u00fcleti B\u00edr\u00f3s\u00e1g)<\/li>\n<\/ul>\n<h6>Notaries<\/h6>\n<ul>\n<li>Hungarian Chamber of Civil Law Notaries<\/li>\n<li>Territorial Chambers of Civil Law Notaries: Budapest, Gy\u0151r, Miskolc, P\u00e9cs, Szeged<\/li>\n<li>Notaries' Association<\/li>\n<li>Hungarian Association of Deputy Notaries and Notary Candidates<\/li>\n<\/ul>\n<h6>Attorneyship<\/h6>\n<ul>\n<li>the Bar (Budapest, Somogy county, B\u00e9k\u00e9s county, P\u00e9cs)<\/li>\n<li>Lawyers' Office\u00a0Oppenheim<\/li>\n<li>Lawyers' Office KNPLAW Nagy-Kopp\u00e1ny, Varga und Partner<\/li>\n<li>Lawyers' Office Germus und Partner<\/li>\n<li>Lawyers' Office SBGK<\/li>\n<li>Lawyers' Office G\u00e1rdos - F\u00fcredi - Mosonyi - Tomori<\/li>\n<li>Lawyers' Office DLA Piper (Budapest Office)<\/li>\n<\/ul>\n<h6>Administration, Companies, Associations, others<\/h6>\n<ul>\n<li>Department of the Interior<\/li>\n<li>Pest County Governmental Office<\/li>\n<li>Hungarian Chamber of Commerce and Industry<\/li>\n<li>The M\u00c1V Group (Hungarian Railways)<\/li>\n<li>Allianz Hung\u00e1ria Insurance PLC<\/li>\n<li>Hungarian Insurance Companies' Association<\/li>\n<li>Institute for Legal Further Training\u00a0(E\u00f6tv\u00f6s Lor\u00e1nd University, ELTE)<\/li>\n<li>Publisher\u00a0HVG-ORAC<\/li>\n<li>Publisher\u00a0Wolters Kluwer Hungary<\/li>\n<li>Menedzserpraxis Publisher<\/li>\n<li>K&amp;H Bank\u00a0Hungary<\/li>\n<li>Unicredit Bank Hungary<\/li>\n<li>Hungarian Lawyers' Association<br \/>\n(Department for Insurance Law \/ Department for Civil Law)<\/li>\n<\/ul>\n<p><\/p>","protected":false},"excerpt":{"rendered":"<p>The new Hungarian Civil Code (Act No. V\/2013) The Hungarian Parliament enacted the new Civil Code of Hungary in 2013.\u00a0The new Civil Code (Act No. V\/2013) entered into force on 15th March 2014.\u00a0Since 2013 several courses and trainings are offered and organized by various organizations and companies in order that the lawyers and the society <a class=\"read-more\" href=\"https:\/\/fuglinszky.com\/en\/eloadasok-es-konferenciak\/szakmai-tovabbkepzes-gyakorlo-jogaszoknak\/\">...continue reading <span class=\"meta-nav\">&rarr;<\/span><\/a><\/p>\n","protected":false},"author":1,"featured_media":0,"parent":17,"menu_order":0,"comment_status":"closed","ping_status":"closed","template":"","meta":{"footnotes":""},"class_list":["post-86","page","type-page","status-publish","hentry"],"yoast_head":"<!-- This site is optimized with the Yoast SEO plugin v26.8 - https:\/\/yoast.com\/product\/yoast-seo-wordpress\/ -->\n<title>Further training for legal practitioners - fuglinszky.com<\/title>\n<meta name=\"robots\" content=\"index, follow, max-snippet:-1, max-image-preview:large, max-video-preview:-1\" \/>\n<link rel=\"canonical\" href=\"https:\/\/fuglinszky.com\/eloadasok-es-konferenciak\/szakmai-tovabbkepzes-gyakorlo-jogaszoknak\/\" \/>\n<meta property=\"og:locale\" content=\"en_US\" \/>\n<meta property=\"og:type\" content=\"article\" \/>\n<meta property=\"og:title\" content=\"[:hu]Szakmai tov\u00e1bbk\u00e9pz\u00e9s gyakorl\u00f3 jog\u00e1szoknak[:en]Further training for legal practitioners[:de]Weiterbildung f\u00fcr Praktiker[:] - fuglinszky.com\" \/>\n<meta property=\"og:description\" content=\"The new Hungarian Civil Code (Act No. V\/2013) The Hungarian Parliament enacted the new Civil Code of Hungary in 2013.\u00a0The new Civil Code (Act No. V\/2013) entered into force on 15th March 2014.\u00a0Since 2013 several courses and trainings are offered and organized by various organizations and companies in order that the lawyers and the society ...continue reading &rarr;\" \/>\n<meta property=\"og:url\" content=\"https:\/\/fuglinszky.com\/eloadasok-es-konferenciak\/szakmai-tovabbkepzes-gyakorlo-jogaszoknak\/\" \/>\n<meta property=\"og:site_name\" content=\"fuglinszky.com\" \/>\n<meta property=\"article:modified_time\" content=\"2024-08-01T04:55:09+00:00\" \/>\n<meta name=\"twitter:card\" content=\"summary_large_image\" \/>\n<meta name=\"twitter:label1\" content=\"Est. reading time\" \/>\n\t<meta name=\"twitter:data1\" content=\"9 minutes\" \/>\n<script type=\"application\/ld+json\" class=\"yoast-schema-graph\">{\"@context\":\"https:\/\/schema.org\",\"@graph\":[{\"@type\":\"WebPage\",\"@id\":\"https:\/\/fuglinszky.com\/eloadasok-es-konferenciak\/szakmai-tovabbkepzes-gyakorlo-jogaszoknak\/\",\"url\":\"https:\/\/fuglinszky.com\/eloadasok-es-konferenciak\/szakmai-tovabbkepzes-gyakorlo-jogaszoknak\/\",\"name\":\"[:hu]Szakmai tov\u00e1bbk\u00e9pz\u00e9s gyakorl\u00f3 jog\u00e1szoknak[:en]Further training for legal practitioners[:de]Weiterbildung f\u00fcr Praktiker[:] - fuglinszky.com\",\"isPartOf\":{\"@id\":\"https:\/\/fuglinszky.com\/#website\"},\"datePublished\":\"2017-01-01T16:35:17+00:00\",\"dateModified\":\"2024-08-01T04:55:09+00:00\",\"breadcrumb\":{\"@id\":\"https:\/\/fuglinszky.com\/eloadasok-es-konferenciak\/szakmai-tovabbkepzes-gyakorlo-jogaszoknak\/#breadcrumb\"},\"inLanguage\":\"en-US\",\"potentialAction\":[{\"@type\":\"ReadAction\",\"target\":[\"https:\/\/fuglinszky.com\/eloadasok-es-konferenciak\/szakmai-tovabbkepzes-gyakorlo-jogaszoknak\/\"]}]},{\"@type\":\"BreadcrumbList\",\"@id\":\"https:\/\/fuglinszky.com\/eloadasok-es-konferenciak\/szakmai-tovabbkepzes-gyakorlo-jogaszoknak\/#breadcrumb\",\"itemListElement\":[{\"@type\":\"ListItem\",\"position\":1,\"name\":\"Home\",\"item\":\"https:\/\/fuglinszky.com\/\"},{\"@type\":\"ListItem\",\"position\":2,\"name\":\"Teaching, training\",\"item\":\"https:\/\/fuglinszky.com\/en\/eloadasok-es-konferenciak\/\"},{\"@type\":\"ListItem\",\"position\":3,\"name\":\"Szakmai tov\u00e1bbk\u00e9pz\u00e9s gyakorl\u00f3 jog\u00e1szoknak\"}]},{\"@type\":\"WebSite\",\"@id\":\"https:\/\/fuglinszky.com\/#website\",\"url\":\"https:\/\/fuglinszky.com\/\",\"name\":\"fuglinszky.com\",\"description\":\"\",\"publisher\":{\"@id\":\"https:\/\/fuglinszky.com\/#\/schema\/person\/6e7d03d070e6249b7b5e86f6ba7e2e1c\"},\"potentialAction\":[{\"@type\":\"SearchAction\",\"target\":{\"@type\":\"EntryPoint\",\"urlTemplate\":\"https:\/\/fuglinszky.com\/?s={search_term_string}\"},\"query-input\":{\"@type\":\"PropertyValueSpecification\",\"valueRequired\":true,\"valueName\":\"search_term_string\"}}],\"inLanguage\":\"en-US\"},{\"@type\":[\"Person\",\"Organization\"],\"@id\":\"https:\/\/fuglinszky.com\/#\/schema\/person\/6e7d03d070e6249b7b5e86f6ba7e2e1c\",\"name\":\"fuglinszky\",\"image\":{\"@type\":\"ImageObject\",\"inLanguage\":\"en-US\",\"@id\":\"https:\/\/fuglinszky.com\/#\/schema\/person\/image\/\",\"url\":\"https:\/\/secure.gravatar.com\/avatar\/93e75cc1c5dcdf3f74ca2616e61579d1?s=96&d=mm&r=g\",\"contentUrl\":\"https:\/\/secure.gravatar.com\/avatar\/93e75cc1c5dcdf3f74ca2616e61579d1?s=96&d=mm&r=g\",\"caption\":\"fuglinszky\"},\"logo\":{\"@id\":\"https:\/\/fuglinszky.com\/#\/schema\/person\/image\/\"}}]}<\/script>\n<!-- \/ Yoast SEO plugin. -->","yoast_head_json":{"title":"[:hu]Szakmai tov\u00e1bbk\u00e9pz\u00e9s gyakorl\u00f3 jog\u00e1szoknak[:en]Further training for legal practitioners[:de]Weiterbildung f\u00fcr Praktiker[:] - fuglinszky.com","robots":{"index":"index","follow":"follow","max-snippet":"max-snippet:-1","max-image-preview":"max-image-preview:large","max-video-preview":"max-video-preview:-1"},"canonical":"https:\/\/fuglinszky.com\/eloadasok-es-konferenciak\/szakmai-tovabbkepzes-gyakorlo-jogaszoknak\/","og_locale":"en_US","og_type":"article","og_title":"[:hu]Szakmai tov\u00e1bbk\u00e9pz\u00e9s gyakorl\u00f3 jog\u00e1szoknak[:en]Further training for legal practitioners[:de]Weiterbildung f\u00fcr Praktiker[:] - fuglinszky.com","og_description":"The new Hungarian Civil Code (Act No. V\/2013) The Hungarian Parliament enacted the new Civil Code of Hungary in 2013.\u00a0The new Civil Code (Act No. V\/2013) entered into force on 15th March 2014.\u00a0Since 2013 several courses and trainings are offered and organized by various organizations and companies in order that the lawyers and the society ...continue reading &rarr;","og_url":"https:\/\/fuglinszky.com\/eloadasok-es-konferenciak\/szakmai-tovabbkepzes-gyakorlo-jogaszoknak\/","og_site_name":"fuglinszky.com","article_modified_time":"2024-08-01T04:55:09+00:00","twitter_card":"summary_large_image","twitter_misc":{"Est. reading time":"9 minutes"},"schema":{"@context":"https:\/\/schema.org","@graph":[{"@type":"WebPage","@id":"https:\/\/fuglinszky.com\/eloadasok-es-konferenciak\/szakmai-tovabbkepzes-gyakorlo-jogaszoknak\/","url":"https:\/\/fuglinszky.com\/eloadasok-es-konferenciak\/szakmai-tovabbkepzes-gyakorlo-jogaszoknak\/","name":"[:hu]Szakmai tov\u00e1bbk\u00e9pz\u00e9s gyakorl\u00f3 jog\u00e1szoknak[:en]Further training for legal practitioners[:de]Weiterbildung f\u00fcr Praktiker[:] - fuglinszky.com","isPartOf":{"@id":"https:\/\/fuglinszky.com\/#website"},"datePublished":"2017-01-01T16:35:17+00:00","dateModified":"2024-08-01T04:55:09+00:00","breadcrumb":{"@id":"https:\/\/fuglinszky.com\/eloadasok-es-konferenciak\/szakmai-tovabbkepzes-gyakorlo-jogaszoknak\/#breadcrumb"},"inLanguage":"en-US","potentialAction":[{"@type":"ReadAction","target":["https:\/\/fuglinszky.com\/eloadasok-es-konferenciak\/szakmai-tovabbkepzes-gyakorlo-jogaszoknak\/"]}]},{"@type":"BreadcrumbList","@id":"https:\/\/fuglinszky.com\/eloadasok-es-konferenciak\/szakmai-tovabbkepzes-gyakorlo-jogaszoknak\/#breadcrumb","itemListElement":[{"@type":"ListItem","position":1,"name":"Home","item":"https:\/\/fuglinszky.com\/"},{"@type":"ListItem","position":2,"name":"Teaching, training","item":"https:\/\/fuglinszky.com\/en\/eloadasok-es-konferenciak\/"},{"@type":"ListItem","position":3,"name":"Szakmai tov\u00e1bbk\u00e9pz\u00e9s gyakorl\u00f3 jog\u00e1szoknak"}]},{"@type":"WebSite","@id":"https:\/\/fuglinszky.com\/#website","url":"https:\/\/fuglinszky.com\/","name":"fuglinszky.com","description":"","publisher":{"@id":"https:\/\/fuglinszky.com\/#\/schema\/person\/6e7d03d070e6249b7b5e86f6ba7e2e1c"},"potentialAction":[{"@type":"SearchAction","target":{"@type":"EntryPoint","urlTemplate":"https:\/\/fuglinszky.com\/?s={search_term_string}"},"query-input":{"@type":"PropertyValueSpecification","valueRequired":true,"valueName":"search_term_string"}}],"inLanguage":"en-US"},{"@type":["Person","Organization"],"@id":"https:\/\/fuglinszky.com\/#\/schema\/person\/6e7d03d070e6249b7b5e86f6ba7e2e1c","name":"fuglinszky","image":{"@type":"ImageObject","inLanguage":"en-US","@id":"https:\/\/fuglinszky.com\/#\/schema\/person\/image\/","url":"https:\/\/secure.gravatar.com\/avatar\/93e75cc1c5dcdf3f74ca2616e61579d1?s=96&d=mm&r=g","contentUrl":"https:\/\/secure.gravatar.com\/avatar\/93e75cc1c5dcdf3f74ca2616e61579d1?s=96&d=mm&r=g","caption":"fuglinszky"},"logo":{"@id":"https:\/\/fuglinszky.com\/#\/schema\/person\/image\/"}}]}},"_links":{"self":[{"href":"https:\/\/fuglinszky.com\/en\/wp-json\/wp\/v2\/pages\/86","targetHints":{"allow":["GET"]}}],"collection":[{"href":"https:\/\/fuglinszky.com\/en\/wp-json\/wp\/v2\/pages"}],"about":[{"href":"https:\/\/fuglinszky.com\/en\/wp-json\/wp\/v2\/types\/page"}],"author":[{"embeddable":true,"href":"https:\/\/fuglinszky.com\/en\/wp-json\/wp\/v2\/users\/1"}],"replies":[{"embeddable":true,"href":"https:\/\/fuglinszky.com\/en\/wp-json\/wp\/v2\/comments?post=86"}],"version-history":[{"count":16,"href":"https:\/\/fuglinszky.com\/en\/wp-json\/wp\/v2\/pages\/86\/revisions"}],"predecessor-version":[{"id":913,"href":"https:\/\/fuglinszky.com\/en\/wp-json\/wp\/v2\/pages\/86\/revisions\/913"}],"up":[{"embeddable":true,"href":"https:\/\/fuglinszky.com\/en\/wp-json\/wp\/v2\/pages\/17"}],"wp:attachment":[{"href":"https:\/\/fuglinszky.com\/en\/wp-json\/wp\/v2\/media?parent=86"}],"curies":[{"name":"wp","href":"https:\/\/api.w.org\/{rel}","templated":true}]}}